{"id":226889,"date":"2020-05-18T14:19:50","date_gmt":"2020-05-18T17:19:50","guid":{"rendered":"https:\/\/triciclo.eco.br\/?page_id=226889"},"modified":"2020-10-05T21:00:59","modified_gmt":"2020-10-06T00:00:59","slug":"triciclo-vai-ate-voce","status":"publish","type":"page","link":"https:\/\/triciclo.eco.br\/en\/triciclo-vai-ate-voce\/","title":{"rendered":"Triciclo Vai at\u00e9 Voc\u00ea"},"content":{"rendered":"<p>[et_pb_section fb_built=&#8221;1&#8243; _builder_version=&#8221;4.3.2&#8243; background_image=&#8221;\/wp-content\/uploads\/2020\/05\/fundo-triciclo-vai-ate-voce-2.jpg&#8221; custom_padding=&#8221;40px||40px||true|false&#8221;][et_pb_row column_structure=&#8221;1_2,1_2&#8243; _builder_version=&#8221;4.3.2&#8243;][et_pb_column type=&#8221;1_2&#8243; _builder_version=&#8221;4.3.2&#8243;][et_pb_text _builder_version=&#8221;4.3.2&#8243; text_text_color=&#8221;#e02b20&#8243; text_font_size=&#8221;22px&#8221;]<\/p>\n<h1 style=\"text-align: left;\"><strong><span class=\"\" title=\"Editado\"><span style=\"color: #bfd22b;\">TRICICLO VAI AT\u00c9 VOC\u00ca<\/span><br \/><\/span><\/strong><\/h1>\n<p>[\/et_pb_text][et_pb_text _builder_version=&#8221;4.3.2&#8243;]<\/p>\n<h4 style=\"text-align: left;\"><strong><span class=\"\" title=\"Editado\">Reciclagem e inova\u00e7\u00e3o no seu condom\u00ednio sem custos<\/span><\/strong><\/h4>\n<p>[\/et_pb_text][et_pb_text _builder_version=&#8221;4.3.2&#8243; min_height=&#8221;54px&#8221;]<\/p>\n<p style=\"text-align: left;\"><strong><span class=\"\" title=\"Editado\">Para atender as pessoas que permanecem em casa durante o per\u00edodo de isolamento social, a Triciclo vai disponibilizar seus servi\u00e7os para condom\u00ednios residenciais com mais de 250 unidades. <\/span>Se seu condom\u00ednio residencial est\u00e1 na Grande S\u00e3o Paulo, e possui mais de 250 unidades, entre em contato conosco atrav\u00e9s do formul\u00e1rio abaixo. A nossa equipe entrar\u00e1 em contato para <\/strong><span class=\"\" title=\"Editado\"><strong>para verificar a possibilidade de instalar uma Retorna Machine em seu condom\u00ednio sem custos!<\/strong><br \/><\/span><\/p>\n<p>[\/et_pb_text][et_pb_text _builder_version=&#8221;4.3.2&#8243;]<\/p>\n<h4 style=\"text-align: left;\"><strong><span class=\"\" title=\"Editado\"><span style=\"color: #333300;\">Preencha o formul\u00e1rio abaixo e participe!<\/span><br \/><\/span><\/strong><\/h4>\n<p>[\/et_pb_text][\/et_pb_column][et_pb_column type=&#8221;1_2&#8243; _builder_version=&#8221;4.3.2&#8243;][et_pb_image src=&#8221;\/wp-content\/uploads\/2020\/05\/triciclo-vai-ate-voce-site-2.png&#8221; _builder_version=&#8221;4.3.2&#8243;][\/et_pb_image][\/et_pb_column][\/et_pb_row][\/et_pb_section][et_pb_section fb_built=&#8221;1&#8243; _builder_version=&#8221;4.3.2&#8243; background_image=&#8221;\/wp-content\/uploads\/2020\/05\/fundo-triciclo-vai-ate-voce-7.jpg&#8221; background_size=&#8221;initial&#8221; background_position=&#8221;top_left&#8221;][et_pb_row column_structure=&#8221;1_2,1_2&#8243; _builder_version=&#8221;4.3.2&#8243;][et_pb_column type=&#8221;1_2&#8243; _builder_version=&#8221;4.3.2&#8243; background_enable_image=&#8221;off&#8221;][et_pb_image src=&#8221;\/wp-content\/uploads\/2020\/05\/triciclo-vai-ate-voce-site-5.png&#8221; _builder_version=&#8221;4.3.2&#8243;][\/et_pb_image][\/et_pb_column][et_pb_column type=&#8221;1_2&#8243; _builder_version=&#8221;4.3.2&#8243; background_color=&#8221;#ffffff&#8221;][et_pb_text _builder_version=&#8221;4.3.2&#8243; text_text_color=&#8221;#e02b20&#8243; text_font_size=&#8221;22px&#8221;]<\/p>\n<h1 style=\"text-align: left;\"><strong><span class=\"\" title=\"Editado\"><span style=\"color: #bfd22b;\">CONDI\u00c7\u00d5ES GERAIS<\/span><br \/><\/span><\/strong><\/h1>\n<p>[\/et_pb_text][et_pb_text _builder_version=&#8221;4.3.2&#8243; background_color=&#8221;rgba(0,0,0,0)&#8221; min_height=&#8221;54px&#8221;]<\/p>\n<p>&#8211; 16 condom\u00ednios ser\u00e3o selecionados para participar.<\/p>\n<p>&#8211; A Retorna Machine estar\u00e1 presente no seu condom\u00ednio por at\u00e9 30 dias.<\/p>\n<p>&#8211; O condom\u00edno com maior n\u00famero de contas tricilo criadas ser\u00e1 o vencedor. Ser\u00e3o computados os novos usu\u00e1rios que se cadastrarem no programa a partir da data de in\u00edcio da opera\u00e7\u00e3o. *Ser\u00e1 considerado o n\u00famero de contas criadas proporcionais \u00e0 capacidade do condom\u00ednio<\/p>\n<p>&#8211; O vencedor ter\u00e9 03 meses de uso da Retorna Machine, sem custos! Os servi\u00e7os incluem o monitoramento e coleta de res\u00edduos padr\u00e3o da Triciclo.<\/p>\n<p>[\/et_pb_text][\/et_pb_column][\/et_pb_row][\/et_pb_section][et_pb_section fb_built=&#8221;1&#8243; _builder_version=&#8221;4.2.1&#8243; custom_padding=&#8221;40px|||||&#8221;][et_pb_row _builder_version=&#8221;4.2.1&#8243;][et_pb_column type=&#8221;4_4&#8243; _builder_version=&#8221;4.2.1&#8243;][et_pb_contact_form use_spam_service=&#8221;on&#8221; email=&#8221;contato@wp-triciclo.azurewebsites.net&#8221; title=&#8221;Formul\u00e1rio Triciclo vai at\u00e9 voc\u00ea&#8221; custom_message=&#8221;Nome: {2c2d5fb6f19daef84974ddd85b232ffdc793e482bc6aaa1c91c74bf4c228ce43}{2c2d5fb6f19daef84974ddd85b232ffdc793e482bc6aaa1c91c74bf4c228ce43}nome{2c2d5fb6f19daef84974ddd85b232ffdc793e482bc6aaa1c91c74bf4c228ce43}{2c2d5fb6f19daef84974ddd85b232ffdc793e482bc6aaa1c91c74bf4c228ce43} ||et_pb_line_break_holder||Email: {2c2d5fb6f19daef84974ddd85b232ffdc793e482bc6aaa1c91c74bf4c228ce43}{2c2d5fb6f19daef84974ddd85b232ffdc793e482bc6aaa1c91c74bf4c228ce43}email{2c2d5fb6f19daef84974ddd85b232ffdc793e482bc6aaa1c91c74bf4c228ce43}{2c2d5fb6f19daef84974ddd85b232ffdc793e482bc6aaa1c91c74bf4c228ce43}||et_pb_line_break_holder||Endere\u00e7o:{2c2d5fb6f19daef84974ddd85b232ffdc793e482bc6aaa1c91c74bf4c228ce43}{2c2d5fb6f19daef84974ddd85b232ffdc793e482bc6aaa1c91c74bf4c228ce43}endereco{2c2d5fb6f19daef84974ddd85b232ffdc793e482bc6aaa1c91c74bf4c228ce43}{2c2d5fb6f19daef84974ddd85b232ffdc793e482bc6aaa1c91c74bf4c228ce43}||et_pb_line_break_holder||Cidade:{2c2d5fb6f19daef84974ddd85b232ffdc793e482bc6aaa1c91c74bf4c228ce43}{2c2d5fb6f19daef84974ddd85b232ffdc793e482bc6aaa1c91c74bf4c228ce43}cidade{2c2d5fb6f19daef84974ddd85b232ffdc793e482bc6aaa1c91c74bf4c228ce43}{2c2d5fb6f19daef84974ddd85b232ffdc793e482bc6aaa1c91c74bf4c228ce43}||et_pb_line_break_holder||Unidades: {2c2d5fb6f19daef84974ddd85b232ffdc793e482bc6aaa1c91c74bf4c228ce43}{2c2d5fb6f19daef84974ddd85b232ffdc793e482bc6aaa1c91c74bf4c228ce43}unidades{2c2d5fb6f19daef84974ddd85b232ffdc793e482bc6aaa1c91c74bf4c228ce43}{2c2d5fb6f19daef84974ddd85b232ffdc793e482bc6aaa1c91c74bf4c228ce43}||et_pb_line_break_holder||S\u00edndico ou adm: {2c2d5fb6f19daef84974ddd85b232ffdc793e482bc6aaa1c91c74bf4c228ce43}{2c2d5fb6f19daef84974ddd85b232ffdc793e482bc6aaa1c91c74bf4c228ce43}sindico_adm{2c2d5fb6f19daef84974ddd85b232ffdc793e482bc6aaa1c91c74bf4c228ce43}{2c2d5fb6f19daef84974ddd85b232ffdc793e482bc6aaa1c91c74bf4c228ce43}||et_pb_line_break_holder||Contato s\u00edndico ou adm:{2c2d5fb6f19daef84974ddd85b232ffdc793e482bc6aaa1c91c74bf4c228ce43}{2c2d5fb6f19daef84974ddd85b232ffdc793e482bc6aaa1c91c74bf4c228ce43}contato_sindico_adm{2c2d5fb6f19daef84974ddd85b232ffdc793e482bc6aaa1c91c74bf4c228ce43}{2c2d5fb6f19daef84974ddd85b232ffdc793e482bc6aaa1c91c74bf4c228ce43}&#8221; success_message=&#8221;Formul\u00e1rio enviado com sucesso&#8221; submit_button_text=&#8221;Enviar&#8221; _builder_version=&#8221;4.3.2&#8243;][et_pb_contact_field field_id=&#8221;nome&#8221; field_title=&#8221;Seu nome&#8221; fullwidth_field=&#8221;on&#8221; _builder_version=&#8221;4.3.2&#8243;][\/et_pb_contact_field][et_pb_contact_field field_id=&#8221;email&#8221; field_title=&#8221;Seu email&#8221; fullwidth_field=&#8221;on&#8221; _builder_version=&#8221;4.3.2&#8243;][\/et_pb_contact_field][et_pb_contact_field field_id=&#8221;endereco&#8221; field_title=&#8221;Endere\u00e7o completo do condom\u00ednio&#8221; fullwidth_field=&#8221;on&#8221; _builder_version=&#8221;4.3.2&#8243;][\/et_pb_contact_field][et_pb_contact_field field_id=&#8221;cidade&#8221; field_title=&#8221;Cidade&#8221; fullwidth_field=&#8221;on&#8221; _builder_version=&#8221;4.3.2&#8243;][\/et_pb_contact_field][et_pb_contact_field field_id=&#8221;unidades&#8221; field_title=&#8221;N\u00famero de unidades&#8221; fullwidth_field=&#8221;on&#8221; _builder_version=&#8221;4.3.2&#8243;][\/et_pb_contact_field][et_pb_contact_field field_id=&#8221;sindico_adm&#8221; field_title=&#8221;Nome do s\u00edndico ou administrador&#8221; fullwidth_field=&#8221;on&#8221; _builder_version=&#8221;4.3.2&#8243;][\/et_pb_contact_field][et_pb_contact_field field_id=&#8221;contato_sindico_adm&#8221; field_title=&#8221;Contato do s\u00edndico ou adm. (telefone\/email)&#8221; fullwidth_field=&#8221;on&#8221; _builder_version=&#8221;4.3.2&#8243;][\/et_pb_contact_field][\/et_pb_contact_form][\/et_pb_column][\/et_pb_row][\/et_pb_section]<\/p>\n","protected":false},"excerpt":{"rendered":"<p>TRICICLO VAI AT\u00c9 VOC\u00caReciclagem e inova\u00e7\u00e3o no seu condom\u00ednio sem custosPara atender as pessoas que permanecem em casa durante o per\u00edodo de isolamento social, a Triciclo vai disponibilizar seus servi\u00e7os para condom\u00ednios residenciais com mais de 250 unidades. Se seu condom\u00ednio residencial est\u00e1 na Grande S\u00e3o Paulo, e possui mais de 250 unidades, entre em [&hellip;]<\/p>\n","protected":false},"author":2,"featured_media":0,"parent":0,"menu_order":0,"comment_status":"closed","ping_status":"closed","template":"","meta":{"_et_pb_use_builder":"on","_et_pb_old_content":"","_et_gb_content_width":"","footnotes":""},"class_list":["post-226889","page","type-page","status-publish","hentry"],"aioseo_notices":[],"jetpack_sharing_enabled":true,"_links":{"self":[{"href":"https:\/\/triciclo.eco.br\/en\/wp-json\/wp\/v2\/pages\/226889","targetHints":{"allow":["GET"]}}],"collection":[{"href":"https:\/\/triciclo.eco.br\/en\/wp-json\/wp\/v2\/pages"}],"about":[{"href":"https:\/\/triciclo.eco.br\/en\/wp-json\/wp\/v2\/types\/page"}],"author":[{"embeddable":true,"href":"https:\/\/triciclo.eco.br\/en\/wp-json\/wp\/v2\/users\/2"}],"replies":[{"embeddable":true,"href":"https:\/\/triciclo.eco.br\/en\/wp-json\/wp\/v2\/comments?post=226889"}],"version-history":[{"count":20,"href":"https:\/\/triciclo.eco.br\/en\/wp-json\/wp\/v2\/pages\/226889\/revisions"}],"predecessor-version":[{"id":227254,"href":"https:\/\/triciclo.eco.br\/en\/wp-json\/wp\/v2\/pages\/226889\/revisions\/227254"}],"wp:attachment":[{"href":"https:\/\/triciclo.eco.br\/en\/wp-json\/wp\/v2\/media?parent=226889"}],"curies":[{"name":"wp","href":"https:\/\/api.w.org\/{rel}","templated":true}]}}