{"id":225014,"date":"2020-01-22T16:57:06","date_gmt":"2020-01-22T19:57:06","guid":{"rendered":"https:\/\/triciclo.eco.br\/?page_id=225014"},"modified":"2025-04-03T15:56:00","modified_gmt":"2025-04-03T18:56:00","slug":"contato","status":"publish","type":"page","link":"https:\/\/triciclo.eco.br\/es\/contato\/","title":{"rendered":"Contacto"},"content":{"rendered":"<p>[et_pb_section fb_built=&#8221;1&#8243; _builder_version=&#8221;4.20.2&#8243; background_color=&#8221;#f3f3f3&#8243; background_enable_image=&#8221;off&#8221; background_size=&#8221;contain&#8221; custom_margin=&#8221;||33px|||&#8221; custom_padding=&#8221;40px||40px||true|false&#8221; global_colors_info=&#8221;{}&#8221;][et_pb_row _builder_version=&#8221;4.16&#8243; global_colors_info=&#8221;{}&#8221;][et_pb_column type=&#8221;4_4&#8243; _builder_version=&#8221;4.16&#8243; global_colors_info=&#8221;{}&#8221;][et_pb_text _builder_version=&#8221;4.16&#8243; text_text_color=&#8221;#2D2D2D&#8221; text_font_size=&#8221;17px&#8221; header_font=&#8221;Montserrat|300|||||||&#8221; header_text_align=&#8221;center&#8221; header_text_color=&#8221;#C1D32A&#8221; header_font_size=&#8221;42px&#8221; header_line_height=&#8221;1.2em&#8221; custom_margin=&#8221;-20px||||false|false&#8221; custom_padding=&#8221;0px||0px||false|false&#8221; global_colors_info=&#8221;{}&#8221;]<\/p>\n<h1><strong>Contato<\/strong><\/h1>\n<p>[\/et_pb_text][et_pb_text _builder_version=&#8221;4.16&#8243; text_font=&#8221;Lato|300|||||||&#8221; text_text_color=&#8221;#2D2D2D&#8221; text_font_size=&#8221;17px&#8221; text_line_height=&#8221;1.5em&#8221; custom_margin=&#8221;-20px||-5px||false|false&#8221; custom_padding=&#8221;||0px|||&#8221; global_colors_info=&#8221;{}&#8221;]<\/p>\n<p style=\"text-align: center;\"><span style=\"font-size: x-large;\">Envie sua mensagem e fale com a Triciclo!<\/span><\/p>\n<p>[\/et_pb_text][\/et_pb_column][\/et_pb_row][\/et_pb_section][et_pb_section fb_built=&#8221;1&#8243; _builder_version=&#8221;4.16&#8243; custom_padding=&#8221;0px||0px||true|false&#8221; global_colors_info=&#8221;{}&#8221;][et_pb_row column_structure=&#8221;1_2,1_2&#8243; _builder_version=&#8221;4.17.3&#8243; custom_margin=&#8221;||||false|false&#8221; global_colors_info=&#8221;{}&#8221;][et_pb_column type=&#8221;1_2&#8243; _builder_version=&#8221;4.16&#8243; global_colors_info=&#8221;{}&#8221;][et_pb_text _builder_version=&#8221;4.20.2&#8243; text_font=&#8221;Montserrat||||||||&#8221; text_text_color=&#8221;#2D2D2D&#8221; text_font_size=&#8221;25px&#8221; header_font=&#8221;Montserrat|700|||||||&#8221; header_text_color=&#8221;#C1D32A&#8221; header_line_height=&#8221;1.2em&#8221; custom_margin=&#8221;-20px||13px||false|false&#8221; custom_padding=&#8221;0px||33px||false|false&#8221; global_colors_info=&#8221;{}&#8221;]<\/p>\n<p>Atendimento ao usu\u00e1rio<\/p>\n<p>[\/et_pb_text][et_pb_text _builder_version=&#8221;4.17.3&#8243; text_font=&#8221;Lato|300|||||||&#8221; text_text_color=&#8221;#3d3d3d&#8221; text_font_size=&#8221;17px&#8221; text_line_height=&#8221;1.5em&#8221; custom_margin=&#8221;-20px||||false|false&#8221; global_colors_info=&#8221;{}&#8221;]<\/p>\n<p>Preencha o formul\u00e1rio abaixo e nos diga como podemos te ajudar. Caso prefira, ligue para o nosso SAC ou utilize o endere\u00e7o de e-mail abaixo para registrar sua d\u00favida, considera\u00e7\u00e3o, reclama\u00e7\u00e3o e\/ou opini\u00e3o:<\/p>\n<p>[\/et_pb_text][et_pb_blurb title=&#8221;0800 880 9999&#8243; url=&#8221;tel:08008809999&#8243; use_icon=&#8221;on&#8221; icon_color=&#8221;#C1D32A&#8221; icon_placement=&#8221;left&#8221; image_icon_width=&#8221;25px&#8221; _builder_version=&#8221;4.17.3&#8243; header_font=&#8221;Open Sans|700|||||||&#8221; header_text_color=&#8221;#C1D32A&#8221; header_font_size=&#8221;20px&#8221; custom_margin=&#8221;|||-15px|false|false&#8221; icon_font_size=&#8221;25px&#8221; locked=&#8221;off&#8221; global_colors_info=&#8221;{}&#8221; header_text_color__hover_enabled=&#8221;on|hover&#8221; header_text_color__hover=&#8221;#737f1a&#8221; icon_color__hover_enabled=&#8221;on|hover&#8221; icon_color__hover=&#8221;#737f1a&#8221;][\/et_pb_blurb][et_pb_blurb title=&#8221;contato.triciclo@ambipar.com&#8221; url=&#8221;mailto:contato.triciclo@ambipar.com&#8221; use_icon=&#8221;on&#8221; icon_color=&#8221;#C1D32A&#8221; icon_placement=&#8221;left&#8221; image_icon_width=&#8221;25px&#8221; _builder_version=&#8221;4.17.3&#8243; header_font=&#8221;Open Sans|700|||||||&#8221; header_text_color=&#8221;#C1D32A&#8221; header_font_size=&#8221;20px&#8221; custom_margin=&#8221;|||-15px|false|false&#8221; icon_font_size=&#8221;25px&#8221; global_colors_info=&#8221;{}&#8221; header_text_color__hover_enabled=&#8221;on|hover&#8221; header_text_color__hover=&#8221;#737f1a&#8221; icon_color__hover_enabled=&#8221;on|hover&#8221; icon_color__hover=&#8221;#737f1a&#8221;][\/et_pb_blurb][et_pb_contact_form captcha=&#8221;off&#8221; email=&#8221;contato@triciclo.eco.br&#8221; title=&#8221;Contate-nos&#8221; success_message=&#8221;Obrigado pelo contato. Em breve, retornaremos a voc\u00ea!&#8221; submit_button_text=&#8221;Enviar&#8221; _builder_version=&#8221;4.20.2&#8243; _module_preset=&#8221;default&#8221; _unique_id=&#8221;5e8ca5a8-631e-410f-9bc1-aed8df354f99&#8243; form_field_background_color=&#8221;RGBA(255,255,255,0)&#8221; form_field_text_color=&#8221;#000000&#8243; form_field_focus_background_color=&#8221;#FFFFFF&#8221; form_field_focus_text_color=&#8221;#BED022&#8243; title_font=&#8221;Montserrat||||||||&#8221; title_font_size=&#8221;24px&#8221; form_field_font=&#8221;Montserrat|500|||||||&#8221; custom_button=&#8221;on&#8221; button_text_color=&#8221;#FFFFFF&#8221; button_bg_color=&#8221;#BED022&#8243; button_border_width=&#8221;0px&#8221; button_border_radius=&#8221;8px&#8221; button_font=&#8221;Montserrat|600|||||||&#8221; button_icon=&#8221;&#x35;||divi||400&#8243; border_radii=&#8221;on|10px|10px|10px|10px&#8221; border_width_all=&#8221;2px&#8221; border_color_all=&#8221;#BED022&#8243; global_colors_info=&#8221;{}&#8221; button_text_color__hover_enabled=&#8221;on|hover&#8221; button_icon_color__hover_enabled=&#8221;on|hover&#8221; button_icon_color__hover=&#8221;#FFFFFF&#8221; button_bg_color__hover_enabled=&#8221;on|hover&#8221; button_bg_color__hover=&#8221;#737f1a&#8221; button_bg_enable_color__hover=&#8221;on&#8221; button_text_color__hover=&#8221;#FFFFFF&#8221;][et_pb_contact_field field_id=&#8221;Name&#8221; field_title=&#8221;Nome&#8221; _builder_version=&#8221;4.20.2&#8243; global_colors_info=&#8221;{}&#8221; button_text_size__hover_enabled=&#8221;off&#8221; button_one_text_size__hover_enabled=&#8221;off&#8221; button_two_text_size__hover_enabled=&#8221;off&#8221; button_text_color__hover_enabled=&#8221;off&#8221; button_one_text_color__hover_enabled=&#8221;off&#8221; button_two_text_color__hover_enabled=&#8221;off&#8221; button_border_width__hover_enabled=&#8221;off&#8221; button_one_border_width__hover_enabled=&#8221;off&#8221; button_two_border_width__hover_enabled=&#8221;off&#8221; button_border_color__hover_enabled=&#8221;off&#8221; button_one_border_color__hover_enabled=&#8221;off&#8221; button_two_border_color__hover_enabled=&#8221;off&#8221; button_border_radius__hover_enabled=&#8221;off&#8221; button_one_border_radius__hover_enabled=&#8221;off&#8221; button_two_border_radius__hover_enabled=&#8221;off&#8221; button_letter_spacing__hover_enabled=&#8221;off&#8221; button_one_letter_spacing__hover_enabled=&#8221;off&#8221; button_two_letter_spacing__hover_enabled=&#8221;off&#8221; button_bg_color__hover_enabled=&#8221;off&#8221; button_one_bg_color__hover_enabled=&#8221;off&#8221; button_two_bg_color__hover_enabled=&#8221;off&#8221;][\/et_pb_contact_field][et_pb_contact_field field_id=&#8221;Email&#8221; field_title=&#8221;E-mail&#8221; field_type=&#8221;email&#8221; _builder_version=&#8221;4.20.2&#8243; global_colors_info=&#8221;{}&#8221; button_text_size__hover_enabled=&#8221;off&#8221; button_one_text_size__hover_enabled=&#8221;off&#8221; button_two_text_size__hover_enabled=&#8221;off&#8221; button_text_color__hover_enabled=&#8221;off&#8221; button_one_text_color__hover_enabled=&#8221;off&#8221; button_two_text_color__hover_enabled=&#8221;off&#8221; button_border_width__hover_enabled=&#8221;off&#8221; button_one_border_width__hover_enabled=&#8221;off&#8221; button_two_border_width__hover_enabled=&#8221;off&#8221; button_border_color__hover_enabled=&#8221;off&#8221; button_one_border_color__hover_enabled=&#8221;off&#8221; button_two_border_color__hover_enabled=&#8221;off&#8221; button_border_radius__hover_enabled=&#8221;off&#8221; button_one_border_radius__hover_enabled=&#8221;off&#8221; button_two_border_radius__hover_enabled=&#8221;off&#8221; button_letter_spacing__hover_enabled=&#8221;off&#8221; button_one_letter_spacing__hover_enabled=&#8221;off&#8221; button_two_letter_spacing__hover_enabled=&#8221;off&#8221; button_bg_color__hover_enabled=&#8221;off&#8221; button_one_bg_color__hover_enabled=&#8221;off&#8221; button_two_bg_color__hover_enabled=&#8221;off&#8221;][\/et_pb_contact_field][et_pb_contact_field field_id=&#8221;Message&#8221; field_title=&#8221;Mensagem&#8221; field_type=&#8221;text&#8221; fullwidth_field=&#8221;on&#8221; _builder_version=&#8221;4.20.2&#8243; global_colors_info=&#8221;{}&#8221; button_text_size__hover_enabled=&#8221;off&#8221; button_one_text_size__hover_enabled=&#8221;off&#8221; button_two_text_size__hover_enabled=&#8221;off&#8221; button_text_color__hover_enabled=&#8221;off&#8221; button_one_text_color__hover_enabled=&#8221;off&#8221; button_two_text_color__hover_enabled=&#8221;off&#8221; button_border_width__hover_enabled=&#8221;off&#8221; button_one_border_width__hover_enabled=&#8221;off&#8221; button_two_border_width__hover_enabled=&#8221;off&#8221; button_border_color__hover_enabled=&#8221;off&#8221; button_one_border_color__hover_enabled=&#8221;off&#8221; button_two_border_color__hover_enabled=&#8221;off&#8221; button_border_radius__hover_enabled=&#8221;off&#8221; button_one_border_radius__hover_enabled=&#8221;off&#8221; button_two_border_radius__hover_enabled=&#8221;off&#8221; button_letter_spacing__hover_enabled=&#8221;off&#8221; button_one_letter_spacing__hover_enabled=&#8221;off&#8221; button_two_letter_spacing__hover_enabled=&#8221;off&#8221; button_bg_color__hover_enabled=&#8221;off&#8221; button_one_bg_color__hover_enabled=&#8221;off&#8221; button_two_bg_color__hover_enabled=&#8221;off&#8221;][\/et_pb_contact_field][\/et_pb_contact_form][\/et_pb_column][et_pb_column type=&#8221;1_2&#8243; _builder_version=&#8221;4.16&#8243; global_colors_info=&#8221;{}&#8221;][et_pb_text _builder_version=&#8221;4.20.2&#8243; text_font=&#8221;Montserrat||||||||&#8221; text_text_color=&#8221;#2D2D2D&#8221; text_font_size=&#8221;25px&#8221; header_font=&#8221;Lato|700|||||||&#8221; header_text_color=&#8221;#2d2d2d&#8221; header_font_size=&#8221;24px&#8221; header_line_height=&#8221;1.2em&#8221; custom_margin=&#8221;-20px||44px||false|false&#8221; custom_padding=&#8221;0px||0px||false|false&#8221; global_colors_info=&#8221;{}&#8221;]<\/p>\n<p>Comercial<\/p>\n<p>[\/et_pb_text][et_pb_text _builder_version=&#8221;4.16&#8243; text_font=&#8221;Lato|300|||||||&#8221; text_text_color=&#8221;#2D2D2D&#8221; text_font_size=&#8221;17px&#8221; text_line_height=&#8221;1.5em&#8221; min_height=&#8221;61px&#8221; custom_margin=&#8221;-20px||||false|false&#8221; global_colors_info=&#8221;{}&#8221;]<\/p>\n<p>Interessado em algum tipo de parceria comercial com a Triciclo? Entre em contato conosco atrav\u00e9s das informa\u00e7\u00f5es disponibilizadas abaixo:<\/p>\n<p>[\/et_pb_text][et_pb_blurb title=&#8221;+55 11 3429-5050&#8243; url=&#8221;tel:551134295050&#8243; use_icon=&#8221;on&#8221; icon_color=&#8221;#C1D32A&#8221; icon_placement=&#8221;left&#8221; image_icon_width=&#8221;25px&#8221; _builder_version=&#8221;4.17.3&#8243; header_font=&#8221;Open Sans|700|||||||&#8221; header_text_color=&#8221;#c1d32a&#8221; header_font_size=&#8221;20px&#8221; custom_margin=&#8221;|||-15px|false|false&#8221; icon_font_size=&#8221;25px&#8221; global_colors_info=&#8221;{}&#8221; header_text_color__hover_enabled=&#8221;on|desktop&#8221; header_text_color__hover=&#8221;#737f1a&#8221; icon_color__hover_enabled=&#8221;on|hover&#8221; icon_color__hover=&#8221;#737f1a&#8221;][\/et_pb_blurb][et_pb_blurb title=&#8221;comercial.triciclo@ambipar.com&#8221; url=&#8221;mailto:comercial.triciclo@ambipar.com&#8221; use_icon=&#8221;on&#8221; icon_color=&#8221;#C1D32A&#8221; icon_placement=&#8221;left&#8221; image_icon_width=&#8221;25px&#8221; _builder_version=&#8221;4.17.3&#8243; header_font=&#8221;Open Sans|700|||||||&#8221; header_text_color=&#8221;#C1D32A&#8221; header_font_size=&#8221;20px&#8221; custom_margin=&#8221;-10px||36px|-15px|false|false&#8221; icon_font_size=&#8221;25px&#8221; global_colors_info=&#8221;{}&#8221; header_text_color__hover_enabled=&#8221;on|hover&#8221; header_text_color__hover=&#8221;#737f1a&#8221; icon_color__hover_enabled=&#8221;on|hover&#8221; icon_color__hover=&#8221;#737f1a&#8221;][\/et_pb_blurb][et_pb_text _builder_version=&#8221;4.20.2&#8243; text_font=&#8221;Montserrat||||||||&#8221; text_text_color=&#8221;#2D2D2D&#8221; text_font_size=&#8221;25px&#8221; header_font=&#8221;Lato|700|||||||&#8221; header_text_color=&#8221;#2d2d2d&#8221; header_font_size=&#8221;24px&#8221; header_line_height=&#8221;1.2em&#8221; custom_margin=&#8221;0px||31px||false|false&#8221; custom_padding=&#8221;0px||0px||false|false&#8221; global_colors_info=&#8221;{}&#8221;]<\/p>\n<p>Onde estamos<\/p>\n<p>[\/et_pb_text][et_pb_blurb use_icon=&#8221;on&#8221; icon_color=&#8221;#C1D32A&#8221; icon_placement=&#8221;left&#8221; image_icon_width=&#8221;25px&#8221; _builder_version=&#8221;4.20.2&#8243; header_font=&#8221;Open Sans|700|||||||&#8221; header_text_color=&#8221;#C1D32A&#8221; header_font_size=&#8221;14px&#8221; body_font=&#8221;Lato|300|||||||&#8221; body_text_color=&#8221;#2D2D2D&#8221; body_font_size=&#8221;17px&#8221; body_line_height=&#8221;1.5em&#8221; custom_margin=&#8221;-10px||||false|false&#8221; icon_font_size=&#8221;25px&#8221; global_colors_info=&#8221;{}&#8221;]<\/p>\n<p><strong>Escrit\u00f3rio:<\/strong> <span style=\"font-size: medium;\">Avenida Ang\u00e9lica, n\u00ba 2.346, 11\u00ba andar \u2013 Consola\u00e7\u00e3o<br \/>S\u00e3o Paulo &#8211; SP | CEP 01228-200\u00a0<\/span><\/p>\n<p>[\/et_pb_blurb][et_pb_map address=&#8221;Av. Ang\u00e9lica, 2330 &#8211; 5\u00ba andar &#8211; Consola\u00e7\u00e3o, S\u00e3o Paulo &#8211; SP, 01228-200, Brasil&#8221; address_lat=&#8221;-23.5525291&#8243; address_lng=&#8221;-46.6615802&#8243; _builder_version=&#8221;4.20.2&#8243; max_height=&#8221;250px&#8221; global_colors_info=&#8221;{}&#8221;][et_pb_map_pin title=&#8221;Ambipar Triciclo&#8221; _builder_version=&#8221;4.20.2&#8243; _module_preset=&#8221;default&#8221; global_colors_info=&#8221;{}&#8221;][\/et_pb_map_pin][\/et_pb_map][\/et_pb_column][\/et_pb_row][\/et_pb_section][et_pb_section fb_built=&#8221;1&#8243; fullwidth=&#8221;on&#8221; _builder_version=&#8221;4.20.2&#8243; _module_preset=&#8221;default&#8221; global_colors_info=&#8221;{}&#8221;][et_pb_fullwidth_code _builder_version=&#8221;4.20.2&#8243; _module_preset=&#8221;default&#8221; global_colors_info=&#8221;{}&#8221;]<script type=\"text\/javascript\">var mdChatClient=\"4C5BCE1231974166AEFC7496119BDCCD\";<\/script><!-- [et_pb_line_break_holder] --><script src=\"https:\/\/chat.movidesk.com\/Scripts\/chat-widget.min.js\"><\/script>[\/et_pb_fullwidth_code][\/et_pb_section]<\/p>\n","protected":false},"excerpt":{"rendered":"<p>ContatoEnvie sua mensagem e fale com a Triciclo!Atendimento ao usu\u00e1rioPreencha o formul\u00e1rio abaixo e nos diga como podemos te ajudar. Caso prefira, ligue para o nosso SAC ou utilize o endere\u00e7o de e-mail abaixo para registrar sua d\u00favida, considera\u00e7\u00e3o, reclama\u00e7\u00e3o e\/ou opini\u00e3o:ComercialInteressado em algum tipo de parceria comercial com a Triciclo? Entre em contato conosco [&hellip;]<\/p>\n","protected":false},"author":6,"featured_media":0,"parent":0,"menu_order":0,"comment_status":"closed","ping_status":"closed","template":"","meta":{"_et_pb_use_builder":"on","_et_pb_old_content":"","_et_gb_content_width":"","footnotes":""},"class_list":["post-225014","page","type-page","status-publish","hentry"],"aioseo_notices":[],"jetpack_sharing_enabled":true,"_links":{"self":[{"href":"https:\/\/triciclo.eco.br\/es\/wp-json\/wp\/v2\/pages\/225014","targetHints":{"allow":["GET"]}}],"collection":[{"href":"https:\/\/triciclo.eco.br\/es\/wp-json\/wp\/v2\/pages"}],"about":[{"href":"https:\/\/triciclo.eco.br\/es\/wp-json\/wp\/v2\/types\/page"}],"author":[{"embeddable":true,"href":"https:\/\/triciclo.eco.br\/es\/wp-json\/wp\/v2\/users\/6"}],"replies":[{"embeddable":true,"href":"https:\/\/triciclo.eco.br\/es\/wp-json\/wp\/v2\/comments?post=225014"}],"version-history":[{"count":51,"href":"https:\/\/triciclo.eco.br\/es\/wp-json\/wp\/v2\/pages\/225014\/revisions"}],"predecessor-version":[{"id":232685,"href":"https:\/\/triciclo.eco.br\/es\/wp-json\/wp\/v2\/pages\/225014\/revisions\/232685"}],"wp:attachment":[{"href":"https:\/\/triciclo.eco.br\/es\/wp-json\/wp\/v2\/media?parent=225014"}],"curies":[{"name":"wp","href":"https:\/\/api.w.org\/{rel}","templated":true}]}}