{"id":225028,"date":"2020-01-22T17:38:05","date_gmt":"2020-01-22T20:38:05","guid":{"rendered":"https:\/\/triciclo.eco.br\/?page_id=225028"},"modified":"2024-07-15T21:01:39","modified_gmt":"2024-07-16T00:01:39","slug":"logistica-reversa","status":"publish","type":"page","link":"https:\/\/triciclo.eco.br\/es\/logistica-reversa\/","title":{"rendered":"Log\u00edstica inversa"},"content":{"rendered":"<p>[et_pb_section fb_built=&#8221;1&#8243; _builder_version=&#8221;4.16&#8243; background_enable_image=&#8221;off&#8221; background_size=&#8221;contain&#8221; custom_padding=&#8221;40px||40px||true|false&#8221; global_colors_info=&#8221;{}&#8221;][et_pb_row _builder_version=&#8221;4.16&#8243; global_colors_info=&#8221;{}&#8221;][et_pb_column type=&#8221;4_4&#8243; _builder_version=&#8221;4.16&#8243; global_colors_info=&#8221;{}&#8221;][et_pb_text _builder_version=&#8221;4.16&#8243; text_text_color=&#8221;#2D2D2D&#8221; text_font_size=&#8221;17px&#8221; header_font=&#8221;Montserrat|300|||||||&#8221; header_text_align=&#8221;center&#8221; header_text_color=&#8221;#C1D32A&#8221; header_font_size=&#8221;42px&#8221; header_line_height=&#8221;1.2em&#8221; custom_margin=&#8221;-20px||||false|false&#8221; custom_padding=&#8221;0px||0px||false|false&#8221; global_colors_info=&#8221;{}&#8221;]<\/p>\n<h1><strong>Log\u00edstica Reversa<\/strong><\/h1>\n<p>[\/et_pb_text][et_pb_text _builder_version=&#8221;4.16&#8243; text_font=&#8221;Lato|300|||||||&#8221; text_text_color=&#8221;#2D2D2D&#8221; text_font_size=&#8221;17px&#8221; text_line_height=&#8221;1.5em&#8221; custom_margin=&#8221;-20px||||false|false&#8221; custom_padding=&#8221;||0px|||&#8221; global_colors_info=&#8221;{}&#8221;]<\/p>\n<p style=\"text-align: center;\"><span style=\"font-size: large;\">Sistema completo e eficaz de log\u00edstica reversa que gera mat\u00e9ria prima, fonte de renda e de trabalho!<\/span><\/p>\n<p>[\/et_pb_text][\/et_pb_column][\/et_pb_row][et_pb_row _builder_version=&#8221;4.17.3&#8243; _module_preset=&#8221;default&#8221; background_color=&#8221;#f3f3f1&#8243; border_radii=&#8221;on|15px|15px|15px|15px&#8221; global_colors_info=&#8221;{}&#8221;][et_pb_column type=&#8221;4_4&#8243; _builder_version=&#8221;4.17.3&#8243; _module_preset=&#8221;default&#8221; global_colors_info=&#8221;{}&#8221;][et_pb_slider arrows_custom_color=&#8221;#5b5b5b&#8221; dot_nav_custom_color=&#8221;#BED022&#8243; _builder_version=&#8221;4.20.2&#8243; _module_preset=&#8221;default&#8221; body_font=&#8221;Montserrat|600|||||||&#8221; body_text_color=&#8221;#5b5b5b&#8221; background_color=&#8221;#f3f3f1&#8243; hover_enabled=&#8221;0&#8243; border_radii_image=&#8221;on|13px|13px|13px|13px&#8221; global_colors_info=&#8221;{}&#8221; sticky_enabled=&#8221;0&#8243;][et_pb_slide heading=&#8221;1. DESCARTE&#8221; image=&#8221;https:\/\/triciclo.eco.br\/wp-content\/uploads\/2024\/07\/1Descarte-2.jpg&#8221; _builder_version=&#8221;4.20.2&#8243; _module_preset=&#8221;default&#8221; header_font=&#8221;Montserrat|900|||||||&#8221; header_text_color=&#8221;#c1d32a&#8221; header_font_size=&#8221;30px&#8221; body_font=&#8221;Montserrat|600|||||||&#8221; body_font_size=&#8221;17px&#8221; background_enable_color=&#8221;off&#8221; background_layout=&#8221;light&#8221; custom_padding=&#8221;|12px|||false|false&#8221; hover_enabled=&#8221;0&#8243; global_colors_info=&#8221;{}&#8221; sticky_transition=&#8221;on&#8221; alt=&#8221;Descarte de res\u00edduos p\u00f3s consumo na Retorna Machine&#8221; title_text=&#8221;1Descarte&#8221; sticky_enabled=&#8221;0&#8243;]<\/p>\n<p>O usu\u00e1rio deposita seus res\u00edduos p\u00f3s-consumo em nossos ecopontos e a ele \u00e9 gerado tricoins (moeda digital triciclo) para o ac\u00famulo e troca por benef\u00edcios ou doa\u00e7\u00e3o.<\/p>\n<p>[\/et_pb_slide][et_pb_slide heading=&#8221;2. MONITORAMENTO&#8221; image=&#8221;https:\/\/triciclo.eco.br\/wp-content\/uploads\/2022\/12\/monitoramento-scaled.jpg&#8221; _builder_version=&#8221;4.20.2&#8243; _module_preset=&#8221;default&#8221; header_font=&#8221;Montserrat|900|||||||&#8221; header_text_color=&#8221;#c1d32a&#8221; header_font_size=&#8221;30px&#8221; body_font=&#8221;Montserrat|600|||||||&#8221; body_font_size=&#8221;17px&#8221; background_enable_color=&#8221;off&#8221; background_layout=&#8221;light&#8221; custom_padding=&#8221;|12px|||false|false&#8221; hover_enabled=&#8221;0&#8243; global_colors_info=&#8221;{}&#8221; sticky_transition=&#8221;on&#8221; sticky_enabled=&#8221;0&#8243;]<\/p>\n<p>Com um eficiente sistema de monitoramento, nossos ecopontos informam em tempo real a capacidade de seu reservat\u00f3rio. Assim, nossa central otimiza o processo de coleta.<\/p>\n<p>[\/et_pb_slide][et_pb_slide heading=&#8221;3. COLETA E TRANSPORTE&#8221; image=&#8221;https:\/\/triciclo.eco.br\/wp-content\/uploads\/2024\/07\/2Coleta.jpg&#8221; _builder_version=&#8221;4.20.2&#8243; _module_preset=&#8221;default&#8221; header_font=&#8221;Montserrat|900|||||||&#8221; header_text_color=&#8221;#c1d32a&#8221; header_font_size=&#8221;30px&#8221; body_font=&#8221;Montserrat|600|||||||&#8221; body_font_size=&#8221;17px&#8221; background_enable_color=&#8221;off&#8221; background_layout=&#8221;light&#8221; custom_padding=&#8221;|24px|||false|false&#8221; hover_enabled=&#8221;0&#8243; global_colors_info=&#8221;{}&#8221; sticky_transition=&#8221;on&#8221; title_text=&#8221;2Coleta&#8221; sticky_enabled=&#8221;0&#8243; alt=&#8221;Coleta de res\u00edduos p\u00f3s consumo da Retorna Machine&#8221;]<\/p>\n<p>Nossos ve\u00edculos guiados pela equipe operacional coletam o materal dos ecopontos com capacidade de res\u00edduos atingida e enviam ao galp\u00e3o Triciclo.<\/p>\n<p>[\/et_pb_slide][et_pb_slide heading=&#8221;4. TRATAMENTO&#8221; image=&#8221;https:\/\/triciclo.eco.br\/wp-content\/uploads\/2022\/11\/Triciclo-galpao-4-scaled.jpg&#8221; _builder_version=&#8221;4.17.3&#8243; _module_preset=&#8221;default&#8221; header_font=&#8221;Montserrat|900|||||||&#8221; header_text_color=&#8221;#c1d32a&#8221; header_font_size=&#8221;30px&#8221; body_font=&#8221;Montserrat|600|||||||&#8221; body_font_size=&#8221;17px&#8221; background_enable_color=&#8221;off&#8221; background_layout=&#8221;light&#8221; custom_padding=&#8221;|24px|||false|false&#8221; global_colors_info=&#8221;{}&#8221; sticky_transition=&#8221;on&#8221;]<\/p>\n<p>Os res\u00edduos chegam ao galp\u00e3o e passm por triagem, classifica\u00e7\u00e3o e enfardamento.<\/p>\n<p>[\/et_pb_slide][et_pb_slide heading=&#8221;5. DESTINA\u00c7\u00c3O&#8221; image=&#8221;https:\/\/triciclo.eco.br\/wp-content\/uploads\/2024\/07\/5Destinacao.jpg&#8221; _builder_version=&#8221;4.20.2&#8243; _module_preset=&#8221;default&#8221; header_font=&#8221;Montserrat|900|||||||&#8221; header_text_color=&#8221;#c1d32a&#8221; header_font_size=&#8221;30px&#8221; body_font=&#8221;Montserrat|600|||||||&#8221; body_font_size=&#8221;17px&#8221; background_enable_color=&#8221;off&#8221; background_layout=&#8221;light&#8221; custom_padding=&#8221;|24px|||false|false&#8221; hover_enabled=&#8221;0&#8243; global_colors_info=&#8221;{}&#8221; sticky_transition=&#8221;on&#8221; alt=&#8221;Frota Ambipar Triciclo&#8221; title_text=&#8221;5Destina\u00e7\u00e3o&#8221; sticky_enabled=&#8221;0&#8243;]<\/p>\n<p>Todo o material tratado est\u00e1 pronto para ser enviado aos recicladores e cooperativas, onde passa pela transforma\u00e7\u00e3o da mat\u00e9ria e o ciclo \u00e9 reiniciado.<\/p>\n<p>[\/et_pb_slide][\/et_pb_slider][\/et_pb_column][\/et_pb_row][\/et_pb_section][et_pb_section fb_built=&#8221;1&#8243; _builder_version=&#8221;4.16&#8243; background_color=&#8221;#ffffff&#8221; custom_padding=&#8221;5px||5px||true|false&#8221; global_colors_info=&#8221;{}&#8221;][et_pb_row _builder_version=&#8221;4.16&#8243; global_colors_info=&#8221;{}&#8221;][et_pb_column type=&#8221;4_4&#8243; _builder_version=&#8221;4.16&#8243; global_colors_info=&#8221;{}&#8221;][et_pb_text _builder_version=&#8221;4.16&#8243; text_font=&#8221;Open Sans|700|||||||&#8221; text_text_color=&#8221;#C1D32A&#8221; text_font_size=&#8221;15px&#8221; custom_padding=&#8221;0px||0px||false|false&#8221; global_colors_info=&#8221;{}&#8221;]<\/p>\n<p style=\"text-align: center;\"><b>LOG\u00cdSTICA REVERSA DE EMBALAGENS<\/b><\/p>\n<p>[\/et_pb_text][et_pb_text _builder_version=&#8221;4.16&#8243; text_text_color=&#8221;#2D2D2D&#8221; text_font_size=&#8221;17px&#8221; header_font=&#8221;Montserrat|300|||||||&#8221; header_text_color=&#8221;#434343&#8243; header_font_size=&#8221;42px&#8221; header_line_height=&#8221;1.2em&#8221; custom_margin=&#8221;-20px||||false|false&#8221; custom_padding=&#8221;0px||0px||false|false&#8221; global_colors_info=&#8221;{}&#8221;]<\/p>\n<h1 style=\"text-align: center;\">Pol\u00edticas sobre Res\u00edduos S\u00f3lidos.<\/h1>\n<p>[\/et_pb_text][\/et_pb_column][\/et_pb_row][\/et_pb_section][et_pb_section fb_built=&#8221;1&#8243; specialty=&#8221;on&#8221; _builder_version=&#8221;4.16&#8243; custom_padding=&#8221;40px||0px|||&#8221; global_colors_info=&#8221;{}&#8221;][et_pb_column type=&#8221;1_2&#8243; _builder_version=&#8221;4.16&#8243; custom_padding=&#8221;|||&#8221; global_colors_info=&#8221;{}&#8221; custom_padding__hover=&#8221;|||&#8221;][et_pb_gallery gallery_ids=&#8221;231883,231887,226491,226516,226526,226527,231884&#8243; fullwidth=&#8221;on&#8221; _builder_version=&#8221;4.20.2&#8243; pagination_text_color=&#8221;#ffffff&#8221; width=&#8221;100{2c2d5fb6f19daef84974ddd85b232ffdc793e482bc6aaa1c91c74bf4c228ce43}&#8221; custom_padding=&#8221;0px||||false|false&#8221; auto=&#8221;on&#8221; auto_speed=&#8221;2500&#8243; hover_enabled=&#8221;0&#8243; global_colors_info=&#8221;{}&#8221; sticky_enabled=&#8221;0&#8243;][\/et_pb_gallery][\/et_pb_column][et_pb_column type=&#8221;1_2&#8243; specialty_columns=&#8221;2&#8243; _builder_version=&#8221;4.16&#8243; custom_padding=&#8221;|||&#8221; global_colors_info=&#8221;{}&#8221; custom_padding__hover=&#8221;|||&#8221;][et_pb_row_inner _builder_version=&#8221;4.16&#8243; custom_padding=&#8221;||21px|||&#8221; global_colors_info=&#8221;{}&#8221;][et_pb_column_inner saved_specialty_column_type=&#8221;1_2&#8243; _builder_version=&#8221;4.16&#8243; global_colors_info=&#8221;{}&#8221;][et_pb_text _builder_version=&#8221;4.16&#8243; text_font=&#8221;Lato|300|||||||&#8221; text_text_color=&#8221;#2D2D2D&#8221; text_font_size=&#8221;17px&#8221; text_line_height=&#8221;1.5em&#8221; custom_margin=&#8221;-20px||||false|false&#8221; global_colors_info=&#8221;{}&#8221;]<\/p>\n<p style=\"text-align: left;\"><span style=\"font-weight: 300;\">A Pol\u00edtica Nacional de Res\u00edduos S\u00f3lidos e o Acordo Setorial para Log\u00edstica Reversa de Embalagens imp\u00f5e a implementa\u00e7\u00e3o do Sistema de Log\u00edstica Reversa de Embalagens observando as seguintes etapas:<\/span><\/p>\n<p>[\/et_pb_text][\/et_pb_column_inner][\/et_pb_row_inner][et_pb_row_inner column_structure=&#8221;1_2,1_2&#8243; use_custom_gutter=&#8221;on&#8221; gutter_width=&#8221;2&#8243; _builder_version=&#8221;4.16&#8243; custom_padding=&#8221;2px||0px|||&#8221; global_colors_info=&#8221;{}&#8221;][et_pb_column_inner type=&#8221;1_2&#8243; saved_specialty_column_type=&#8221;1_2&#8243; _builder_version=&#8221;4.16&#8243; global_colors_info=&#8221;{}&#8221;][et_pb_blurb title=&#8221;a. Separa\u00e7\u00e3o&#8221; image=&#8221;\/wp-content\/uploads\/2020\/01\/icones-separacao-.png&#8221; icon_placement=&#8221;left&#8221; _builder_version=&#8221;4.16&#8243; header_font=&#8221;Lato|700|||||||&#8221; header_text_color=&#8221;#2D2D2D&#8221; header_font_size=&#8221;15px&#8221; body_font=&#8221;Lato||||||||&#8221; body_text_color=&#8221;#2D2D2D&#8221; body_font_size=&#8221;13px&#8221; custom_margin=&#8221;||17px|||&#8221; global_colors_info=&#8221;{}&#8221;]<\/p>\n<p><span style=\"font-weight: 400;\">Separa\u00e7\u00e3o pelo consumidor das embalagens;<\/span><\/p>\n<p>[\/et_pb_blurb][et_pb_blurb title=&#8221;b. Descarte &#8221; image=&#8221;\/wp-content\/uploads\/2020\/01\/icones-descarte.png&#8221; icon_placement=&#8221;left&#8221; _builder_version=&#8221;4.16&#8243; header_font=&#8221;Lato|700|||||||&#8221; header_text_color=&#8221;#2D2D2D&#8221; header_font_size=&#8221;15px&#8221; body_font=&#8221;Lato||||||||&#8221; body_text_color=&#8221;#2D2D2D&#8221; body_font_size=&#8221;13px&#8221; custom_margin=&#8221;||17px|||&#8221; global_colors_info=&#8221;{}&#8221;]<\/p>\n<p><span style=\"font-weight: 400;\">Entrega pelo consumidor das embalagens em um ponto de coleta;<\/span><\/p>\n<p>[\/et_pb_blurb][et_pb_blurb title=&#8221;c. Transporte &#8221; image=&#8221;\/wp-content\/uploads\/2020\/01\/icones-transporte.png&#8221; icon_placement=&#8221;left&#8221; _builder_version=&#8221;4.16&#8243; header_font=&#8221;Lato|700|||||||&#8221; header_text_color=&#8221;#2D2D2D&#8221; header_font_size=&#8221;15px&#8221; body_font=&#8221;Lato||||||||&#8221; body_text_color=&#8221;#2D2D2D&#8221; body_font_size=&#8221;13px&#8221; custom_margin=&#8221;||17px|||&#8221; global_colors_info=&#8221;{}&#8221;]<\/p>\n<p><span style=\"font-weight: 400;\">Transporte das embalagens coletadas atrav\u00e9s dos pontos para local apto a receber o material;<\/span><\/p>\n<p>[\/et_pb_blurb][\/et_pb_column_inner][et_pb_column_inner type=&#8221;1_2&#8243; saved_specialty_column_type=&#8221;1_2&#8243; _builder_version=&#8221;4.16&#8243; global_colors_info=&#8221;{}&#8221;][et_pb_blurb title=&#8221;d. Triagem e Classifica\u00e7\u00e3o &#8221; image=&#8221;\/wp-content\/uploads\/2020\/01\/icones-triagem.png&#8221; icon_placement=&#8221;left&#8221; _builder_version=&#8221;4.16&#8243; header_font=&#8221;Lato|700|||||||&#8221; header_text_color=&#8221;#2D2D2D&#8221; header_font_size=&#8221;15px&#8221; body_font=&#8221;Lato||||||||&#8221; body_text_color=&#8221;#2D2D2D&#8221; body_font_size=&#8221;13px&#8221; custom_margin=&#8221;||27px|||&#8221; global_colors_info=&#8221;{}&#8221;]<\/p>\n<p><span style=\"font-weight: 400;\">Triagem do material em tais locais, separando diferentes tipos de materiais e classificando-os, para a destina\u00e7\u00e3o ambientalmente adequada;<\/span><\/p>\n<p>[\/et_pb_blurb][et_pb_blurb title=&#8221;e. Destina\u00e7\u00e3o &#8221; image=&#8221;\/wp-content\/uploads\/2020\/02\/recycle-sign-1.png&#8221; icon_placement=&#8221;left&#8221; _builder_version=&#8221;4.16&#8243; header_font=&#8221;Lato|700|||||||&#8221; header_text_color=&#8221;#2D2D2D&#8221; header_font_size=&#8221;15px&#8221; body_font=&#8221;Lato||||||||&#8221; body_text_color=&#8221;#2D2D2D&#8221; body_font_size=&#8221;13px&#8221; custom_margin=&#8221;||17px|||&#8221; global_colors_info=&#8221;{}&#8221;]<\/p>\n<p><span style=\"font-weight: 400;\">Envio das embalagens separadas e classificadas aos fabricantes de embalagens, recicladoras e cooperativas.<\/span><\/p>\n<p>[\/et_pb_blurb][\/et_pb_column_inner][\/et_pb_row_inner][\/et_pb_column][\/et_pb_section][et_pb_section fb_built=&#8221;1&#8243; _builder_version=&#8221;4.16&#8243; custom_padding=&#8221;0px|||||&#8221; global_colors_info=&#8221;{}&#8221;][et_pb_row column_structure=&#8221;1_2,1_2&#8243; _builder_version=&#8221;4.16&#8243; global_colors_info=&#8221;{}&#8221;][et_pb_column type=&#8221;1_2&#8243; _builder_version=&#8221;4.16&#8243; global_colors_info=&#8221;{}&#8221;][et_pb_text _builder_version=&#8221;4.16&#8243; text_font=&#8221;Lato|300|||||||&#8221; text_text_color=&#8221;#2D2D2D&#8221; text_font_size=&#8221;17px&#8221; text_line_height=&#8221;1.5em&#8221; custom_margin=&#8221;60px||||false|false&#8221; global_colors_info=&#8221;{}&#8221;]<\/p>\n<p style=\"text-align: right;\">E a Triciclo atende a todas essas etapas!<\/p>\n<p style=\"text-align: right;\">Recolhe as embalagens diretamente com o cidad\u00e3o, convertendo-as em benef\u00edcios sociais (cr\u00e9dito no transporte p\u00fablico, desconto na conta de energia, desconto em livraria, entre outros).<\/p>\n<p style=\"text-align: right;\">Todo o material recolhido \u00e9 enviado para o Galp\u00e3o Triciclo, local no qual realizamos a triagem, classifica\u00e7\u00e3o e enfardamento.<\/p>\n<p style=\"text-align: right;\">Posteriormente, esse material \u00e9 destinado para cooperativas e recicladoras, gerando mat\u00e9ria prima, fonte de riqueza e de trabalho!<\/p>\n<p>[\/et_pb_text][\/et_pb_column][et_pb_column type=&#8221;1_2&#8243; _builder_version=&#8221;4.16&#8243; global_colors_info=&#8221;{}&#8221;][et_pb_gallery gallery_ids=&#8221;231874,231876,231878,225172,225173,231877&#8243; fullwidth=&#8221;on&#8221; _builder_version=&#8221;4.20.2&#8243; custom_padding=&#8221;0px||||false|false&#8221; auto=&#8221;on&#8221; auto_speed=&#8221;2500&#8243; hover_enabled=&#8221;0&#8243; global_colors_info=&#8221;{}&#8221; sticky_enabled=&#8221;0&#8243;][\/et_pb_gallery][\/et_pb_column][\/et_pb_row][\/et_pb_section][et_pb_section fb_built=&#8221;1&#8243; fullwidth=&#8221;on&#8221; _builder_version=&#8221;4.20.2&#8243; _module_preset=&#8221;default&#8221; global_colors_info=&#8221;{}&#8221;][et_pb_fullwidth_code _builder_version=&#8221;4.20.2&#8243; _module_preset=&#8221;default&#8221; global_colors_info=&#8221;{}&#8221;]<script type=\"text\/javascript\">var mdChatClient=\"4C5BCE1231974166AEFC7496119BDCCD\";<\/script><!-- [et_pb_line_break_holder] --><script src=\"https:\/\/chat.movidesk.com\/Scripts\/chat-widget.min.js\"><\/script>[\/et_pb_fullwidth_code][\/et_pb_section]<\/p>\n","protected":false},"excerpt":{"rendered":"<p>Log\u00edstica ReversaSistema completo e eficaz de log\u00edstica reversa que gera mat\u00e9ria prima, fonte de renda e de trabalho!O usu\u00e1rio deposita seus res\u00edduos p\u00f3s-consumo em nossos ecopontos e a ele \u00e9 gerado tricoins (moeda digital triciclo) para o ac\u00famulo e troca por benef\u00edcios ou doa\u00e7\u00e3o.Com um eficiente sistema de monitoramento, nossos ecopontos informam em tempo real [&hellip;]<\/p>\n","protected":false},"author":6,"featured_media":0,"parent":0,"menu_order":0,"comment_status":"closed","ping_status":"closed","template":"","meta":{"_et_pb_use_builder":"on","_et_pb_old_content":"","_et_gb_content_width":"","footnotes":""},"class_list":["post-225028","page","type-page","status-publish","hentry"],"aioseo_notices":[],"jetpack_sharing_enabled":true,"_links":{"self":[{"href":"https:\/\/triciclo.eco.br\/es\/wp-json\/wp\/v2\/pages\/225028","targetHints":{"allow":["GET"]}}],"collection":[{"href":"https:\/\/triciclo.eco.br\/es\/wp-json\/wp\/v2\/pages"}],"about":[{"href":"https:\/\/triciclo.eco.br\/es\/wp-json\/wp\/v2\/types\/page"}],"author":[{"embeddable":true,"href":"https:\/\/triciclo.eco.br\/es\/wp-json\/wp\/v2\/users\/6"}],"replies":[{"embeddable":true,"href":"https:\/\/triciclo.eco.br\/es\/wp-json\/wp\/v2\/comments?post=225028"}],"version-history":[{"count":45,"href":"https:\/\/triciclo.eco.br\/es\/wp-json\/wp\/v2\/pages\/225028\/revisions"}],"predecessor-version":[{"id":231888,"href":"https:\/\/triciclo.eco.br\/es\/wp-json\/wp\/v2\/pages\/225028\/revisions\/231888"}],"wp:attachment":[{"href":"https:\/\/triciclo.eco.br\/es\/wp-json\/wp\/v2\/media?parent=225028"}],"curies":[{"name":"wp","href":"https:\/\/api.w.org\/{rel}","templated":true}]}}