{"id":226791,"date":"2020-03-20T11:53:28","date_gmt":"2020-03-20T14:53:28","guid":{"rendered":"https:\/\/triciclo.eco.br\/?page_id=226791"},"modified":"2020-07-07T14:24:07","modified_gmt":"2020-07-07T17:24:07","slug":"slider-validacao","status":"publish","type":"page","link":"https:\/\/triciclo.eco.br\/es\/slider-validacao\/","title":{"rendered":"Slider Valida\u00e7\u00e3o"},"content":{"rendered":"<p>[et_pb_section fb_built=&#8221;1&#8243; admin_label=&#8221;section&#8221; _builder_version=&#8221;4.3.2&#8243;][et_pb_row _builder_version=&#8221;4.3.2&#8243; custom_padding=&#8221;|||1px||&#8221;][et_pb_column type=&#8221;4_4&#8243; _builder_version=&#8221;4.3.2&#8243;][et_pb_code _builder_version=&#8221;4.3.2&#8243; custom_css_before=&#8221;||&#8221;]<\/p>\n<section class=\"mrk-container\"><!-- [et_pb_line_break_holder] --><!-- [et_pb_line_break_holder] -->    <\/p>\n<div class=\"mrk-carousel\"><!-- [et_pb_line_break_holder] --><!-- [et_pb_line_break_holder] -->        <\/p>\n<div class=\"owl-carousel owl-theme\"><!-- [et_pb_line_break_holder] -->            <\/p>\n<div class=\"item mrk-item-1\"><!-- [et_pb_line_break_holder] -->                <img decoding=\"async\" src=\"\/wp-content\/uploads\/2020\/01\/Beneficios-Icones-Cartao-BOM-e1579217754121.png\" alt=\"\"><!-- [et_pb_line_break_holder] -->                <\/p>\n<h2 class=\"mrk-subtitulo-carousel mrk-ativo\">Cart\u00e3o BOM<\/h2>\n<p><!-- [et_pb_line_break_holder] -->            <\/div>\n<p><!-- [et_pb_line_break_holder] -->            <\/p>\n<div class=\"item mrk-item-2\"><!-- [et_pb_line_break_holder] -->                <img decoding=\"async\" src=\"\/wp-content\/uploads\/2020\/01\/Beneficios-Icones-Recarga-Celular-e1579217802696.png\" alt=\"\"><!-- [et_pb_line_break_holder] -->                <\/p>\n<h2 class=\"mrk-subtitulo-carousel\">Recarga Celular<\/h2>\n<p><!-- [et_pb_line_break_holder] -->            <\/div>\n<p><!-- [et_pb_line_break_holder] -->            <\/p>\n<div class=\"item mrk-item-3\"><!-- [et_pb_line_break_holder] -->                <img decoding=\"async\" src=\"\/wp-content\/uploads\/2020\/01\/Beneficios-Icones-Bilhete-\u00c3\u009anico-e1579217807109.png\" alt=\"\"><!-- [et_pb_line_break_holder] -->                <\/p>\n<h2 class=\"mrk-subtitulo-carousel\">Bilhete \u00danico<\/h2>\n<p><!-- [et_pb_line_break_holder] -->            <\/div>\n<p><!-- [et_pb_line_break_holder] -->            <\/p>\n<div class=\"item mrk-item-4\"><!-- [et_pb_line_break_holder] -->                <img decoding=\"async\" src=\"\/wp-content\/uploads\/2020\/01\/Beneficios-Icones-Eco-Enel-e1579217790639.png\" alt=\"\"><!-- [et_pb_line_break_holder] -->                <\/p>\n<h2 class=\"mrk-subtitulo-carousel\">Eco ENEL<\/h2>\n<p><!-- [et_pb_line_break_holder] -->            <\/div>\n<p><!-- [et_pb_line_break_holder] -->            <\/p>\n<div class=\"item mrk-item-5\"><!-- [et_pb_line_break_holder] -->                <img decoding=\"async\" src=\"\/wp-content\/uploads\/2020\/01\/Beneficios-Icones-Saraiva-Plus-e1579217796167.png\" alt=\"\"><!-- [et_pb_line_break_holder] -->                <\/p>\n<h2 class=\"mrk-subtitulo-carousel\">SaraivaPlus<\/h2>\n<p><!-- [et_pb_line_break_holder] -->            <\/div>\n<p><!-- [et_pb_line_break_holder] -->            <\/p>\n<div class=\"item mrk-item-6\"><!-- [et_pb_line_break_holder] -->                <img decoding=\"async\" src=\"data:image\/webp;base64,UklGRqAEAABXRUJQVlA4TJQEAAAvMUAMEFVAjCQ5boO8bV4jdhEAnwgOvAgJAACWjZQMTYf+dLZt27b5tm3btm2cfc\/j27bGs8fOgdu2kURn7zm8M7P7CJCnUv1I2sehIbSFbgNzeHpuxEvVqh5HvZ\/kTiJmSo3YRK+jgqo6ehQMzuoNyprp95I+3BhHnPg+h41FNLAMiAElbHeIhvmdDVK8QceDMjVCqoaM0eOXT3v7bdCaoCwxcscOmMUud4FkD8TRdc2ejjXAhcydoE+NaFVBjvjFuxvuzd8\/tYEvsfZPVTnhczc0kdpoJr5r6HgDnEmVLDlBbIHIoIm2iFTDWug7ahm6KfbiRqSrQvEdsKrTryGpXQ2G29TIC3lQdx6UnQc8aAEb2EHNa0RmCw2qcHNJBjdzUoO54rDf\/LvJ3oL9VxvoGT2mB7ZgrEH\/fM\/0n8J6lGdodcf0A5shrFGroeqznm4DD\/0msEmiwL\/vq+H5I5TEuqwINOqw87p+dXZA\/K5fmCgEVZ0AO68K62wXiAlrnIAL1FROadVjWtAHGC76UOYE4XqVYgLlPpTFgTtXZVoDicLXJV\/91WQi1swXMo8Ea9Wh6KCc4E54WqYF27kqefiue1rmBnLU0zKhgRTqqwHNagkN2h7ERLU7+kQJ8Nd3nqeAwQ7ODvyAv+UCZRB7Bw7+GhyoARx1uk0NDlyAVsN2BDFSosiIQzAzDbsYzHORe+Gr25XKTM5azhkw88YX5sHTqDMiToGCkUFfLjvUkExuXeY8g0C2UhjfgHEUDp1v2+9+mbi82et+GZ38dbsW+GqG61mATndg7Pzz\/uSQpjJpyX5NZWwDuKp0mxxoHA0GrQrWCVujF3g42g2cL+CYib56MdXg6oUes\/b4o3ZNvx0CfoLmqg\/0ITVIGnXwBm7mgIJ9JpMwXjgMVBpWrtctdK6+acKGVNES+c7+ruxQvN\/e8B4rcNJCg3TReE+NWILyYwe5ShFsWN8MW0sNaufYwLQxpD5yMtuC08APPecM6fPfv7shokJqZLEYX8RCDZzSKPlukvuj6vs+td6Q09bn3cXfrFZyJQwbWF4Pg0wG3mqi1xE9cY76QUnopjxGF3+pTNRROR+cxdgZxATdFb3GmuuBHgPeWsP14kpFxZPsPBEtKfcGptFswJQ\/OEopBvRvz6wVznD9zwrii3fMU73+eod0PVhzFVbmMJvuEl+bIbNCN+B6eYirpVoNGPbCYs6OpPRVm3+YM9AySvOWtwPSleM6IaW\/LsmgHxChyQ\/my2+wkFwJPcRZXM5cLNFuWJ9HFnCENZDJ2DcPsW+C3NArcigQFAZyXPOf0i+HROOCQw8ORMphN6VcI85hNZDBEmCr1+fyHNDmYuwIVdxGR6MhJ6UarUQnhS8Oi8LtcFWMkc9aEHclDw\/IP0qdqkxg0akXxbDc84fNbUlflqkmC8Jq4DKgNeSm3PA0PIi10H0bzAkjlnNehqdHzyU3vwyTrkP+gsCUfxqVrKKM+AVBV0LKA4aRnT4FW\/U7OPN14Vst8pKe5G9Pel3ncKvXNZD5MjKeyz+cTqh5BbmHqlZRQ\/oCVAdpaC9CBg==\" alt=\"\"><!-- [et_pb_line_break_holder] -->                <\/p>\n<h2 class=\"mrk-subtitulo-carousel\">Cart\u00e3o MTU<\/h2>\n<p><!-- [et_pb_line_break_holder] -->            <\/div>\n<p><!-- [et_pb_line_break_holder] -->        <\/div>\n<p><!-- [et_pb_line_break_holder] -->        <\/p>\n<div class=\"mrk-navegacao\"><!-- [et_pb_line_break_holder] -->            <button id=\"mrk-botao-prev\"> <i class=\"fas fa-chevron-left\"><\/i> <\/button><!-- [et_pb_line_break_holder] -->            <button id=\"mrk-botao-next\"> <i class=\"fas fa-chevron-right\"><\/i> <\/button><!-- [et_pb_line_break_holder] -->        <\/div>\n<p><!-- [et_pb_line_break_holder] --><!-- [et_pb_line_break_holder] -->    <\/div>\n<p><!-- [et_pb_line_break_holder] --><!-- [et_pb_line_break_holder] -->    <\/p>\n<div class=\"mrk-beneficios\"><!-- [et_pb_line_break_holder] -->        <img decoding=\"async\" src=\"\/wp-content\/uploads\/2020\/01\/Benef\u00c3\u00adcios-Imagens-Cartao-BOM-300x185.png\" alt=\"\" class=\"mrk-beneficios-img\"><!-- [et_pb_line_break_holder] -->        <\/p>\n<div class=\"mrk-beneficios-txt\"><!-- [et_pb_line_break_holder] -->            <pee class=\"mrk-descricao\">A cada 20 pontos Triciclo, troque por R$ 0,07 para utilizar em cr\u00e9ditos do BOM (Bilhete Intermunicipal do Estado de S\u00e3o Paulo. Acesse sua conta, selecione \u201ctrocar pontos\u201d e logo ap\u00f3s selecione a op\u00e7\u00e3o \u201cCart\u00e3o BOM\u201d. \u00c9 necess\u00e1rio ter o pr\u00f3prio bilhete para utilizar deste benef\u00edcio.<\/pee><!-- [et_pb_line_break_holder] -->            <\/p>\n<div class=\"mrk-grupo-botoes\"><!-- [et_pb_line_break_holder] -->                <a class=\"mrk-botao\" id=\"btnParceiro\" href=\"https:\/\/www.autopass.com.br\/cartao-bom-interno-4\/\" target=\"_blank\" rel=\"noopener noreferrer\">PARCEIROS<!-- [et_pb_line_break_holder] --><span><!-- [et_pb_line_break_holder] --><i class=\"fas fa-chevron-right\"><\/i><!-- [et_pb_line_break_holder] --><\/span><!-- [et_pb_line_break_holder] --><\/a>\u00a0<!-- [et_pb_line_break_holder] --><a class=\"mrk-botao\" id=\"btnBeneficios\" href=\"http:\/\/triciclo.eco.br\/beneficios-para-o-usuario\/\" target=\"_blank\" rel=\"noopener noreferrer\">BENEF\u00cdCIOS<!-- [et_pb_line_break_holder] --><span><!-- [et_pb_line_break_holder] --><i class=\"fas fa-chevron-right\"><\/i><!-- [et_pb_line_break_holder] --><\/span><!-- [et_pb_line_break_holder] --><\/a><!-- [et_pb_line_break_holder] --><\/div>\n<p><!-- [et_pb_line_break_holder] -->        <\/div>\n<p><!-- [et_pb_line_break_holder] -->    <\/div>\n<p><!-- [et_pb_line_break_holder] --><\/section>\n<p><!-- [et_pb_line_break_holder] -->[\/et_pb_code][\/et_pb_column][\/et_pb_row][\/et_pb_section]<\/p>\n","protected":false},"excerpt":{"rendered":"","protected":false},"author":6,"featured_media":0,"parent":0,"menu_order":0,"comment_status":"closed","ping_status":"closed","template":"","meta":{"_et_pb_use_builder":"on","_et_pb_old_content":"","_et_gb_content_width":"","footnotes":""},"class_list":["post-226791","page","type-page","status-publish","hentry"],"aioseo_notices":[],"jetpack_sharing_enabled":true,"_links":{"self":[{"href":"https:\/\/triciclo.eco.br\/es\/wp-json\/wp\/v2\/pages\/226791","targetHints":{"allow":["GET"]}}],"collection":[{"href":"https:\/\/triciclo.eco.br\/es\/wp-json\/wp\/v2\/pages"}],"about":[{"href":"https:\/\/triciclo.eco.br\/es\/wp-json\/wp\/v2\/types\/page"}],"author":[{"embeddable":true,"href":"https:\/\/triciclo.eco.br\/es\/wp-json\/wp\/v2\/users\/6"}],"replies":[{"embeddable":true,"href":"https:\/\/triciclo.eco.br\/es\/wp-json\/wp\/v2\/comments?post=226791"}],"version-history":[{"count":32,"href":"https:\/\/triciclo.eco.br\/es\/wp-json\/wp\/v2\/pages\/226791\/revisions"}],"predecessor-version":[{"id":226883,"href":"https:\/\/triciclo.eco.br\/es\/wp-json\/wp\/v2\/pages\/226791\/revisions\/226883"}],"wp:attachment":[{"href":"https:\/\/triciclo.eco.br\/es\/wp-json\/wp\/v2\/media?parent=226791"}],"curies":[{"name":"wp","href":"https:\/\/api.w.org\/{rel}","templated":true}]}}