{"id":227156,"date":"2020-07-10T08:41:05","date_gmt":"2020-07-10T11:41:05","guid":{"rendered":"https:\/\/triciclo.eco.br\/?page_id=227156"},"modified":"2024-07-16T14:22:40","modified_gmt":"2024-07-16T17:22:40","slug":"app","status":"publish","type":"page","link":"https:\/\/triciclo.eco.br\/es\/app\/","title":{"rendered":"App"},"content":{"rendered":"<p>[et_pb_section fb_built=&#8221;1&#8243; disabled_on=&#8221;off|off|off&#8221; admin_label=&#8221;section&#8221; _builder_version=&#8221;4.16&#8243; background_color=&#8221;rgba(0,0,0,0)&#8221; background_enable_image=&#8221;off&#8221; module_alignment=&#8221;center&#8221; custom_padding=&#8221;0px||40px|||&#8221; width_unit=&#8221;off&#8221; global_colors_info=&#8221;{}&#8221;][et_pb_row _builder_version=&#8221;4.16&#8243; module_alignment=&#8221;center&#8221; global_colors_info=&#8221;{}&#8221;][et_pb_column type=&#8221;4_4&#8243; _builder_version=&#8221;4.16&#8243; global_colors_info=&#8221;{}&#8221;][et_pb_text _builder_version=&#8221;4.16&#8243; text_font=&#8221;Open Sans|700|||||||&#8221; text_text_color=&#8221;#C1D32A&#8221; text_font_size=&#8221;15px&#8221; custom_padding=&#8221;0px||0px||false|false&#8221; global_colors_info=&#8221;{}&#8221;]<\/p>\n<p style=\"text-align: center;\"><b>MODERNO E INTUITIVO<\/b><\/p>\n<p>[\/et_pb_text][et_pb_text _builder_version=&#8221;4.16&#8243; text_text_color=&#8221;#2D2D2D&#8221; text_font_size=&#8221;17px&#8221; header_font=&#8221;Montserrat|300|||||||&#8221; header_text_color=&#8221;#434343&#8243; header_font_size=&#8221;42px&#8221; header_line_height=&#8221;1.2em&#8221; custom_margin=&#8221;-20px||||false|false&#8221; custom_padding=&#8221;0px||0px||false|false&#8221; global_colors_info=&#8221;{}&#8221;]<\/p>\n<h1 style=\"text-align: center;\">Conhe\u00e7a o App Triciclo<\/h1>\n<p>[\/et_pb_text][\/et_pb_column][\/et_pb_row][et_pb_row _builder_version=&#8221;4.20.2&#8243; hover_enabled=&#8221;0&#8243; global_colors_info=&#8221;{}&#8221; sticky_enabled=&#8221;0&#8243;][et_pb_column type=&#8221;4_4&#8243; _builder_version=&#8221;4.16&#8243; background_enable_color=&#8221;off&#8221; global_colors_info=&#8221;{}&#8221;][et_pb_text _builder_version=&#8221;4.20.2&#8243; module_alignment=&#8221;center&#8221; custom_margin=&#8221;20px||||false|false&#8221; hover_enabled=&#8221;0&#8243; global_colors_info=&#8221;{}&#8221; text_font=&#8221;Montserrat||||||||&#8221; text_font_size=&#8221;20px&#8221; sticky_enabled=&#8221;0&#8243; text_font_size_last_edited=&#8221;on|phone&#8221; text_font_size_phone=&#8221;17px&#8221; text_font_size_tablet=&#8221;20px&#8221;]<\/p>\n<p style=\"text-align: center;\"><strong>Agora integrado \u00e0s novas plataformas digitais do Programa Triciclo de Fidelidade<\/strong><\/p>\n<p>[\/et_pb_text][et_pb_text _builder_version=&#8221;4.20.2&#8243; module_alignment=&#8221;center&#8221; hover_enabled=&#8221;0&#8243; global_colors_info=&#8221;{}&#8221; text_font=&#8221;Montserrat||||||||&#8221; sticky_enabled=&#8221;0&#8243; text_font_size=&#8221;16px&#8221; custom_padding=&#8221;0px||0px|||&#8221; custom_margin=&#8221;-2px||-2px|||&#8221;]<\/p>\n<p style=\"text-align: center;\">Conhe\u00e7a o novo app Triciclo, reformulado para atender aos novos servi\u00e7os dispon\u00edveis. S\u00e3o mais formas de contribuir com o meio ambiente e ganhar benef\u00edcios!<\/p>\n<p style=\"text-align: center;\"><span class=\"\" title=\"Editado\">Agora ficou muito f\u00e1cil acessar informa\u00e7\u00f5es, consultar seu extrato e realizar troca de pontos! Baixe agora a nova vers\u00e3o e aproveite!<\/span><\/p>\n<p><strong>\u00a0<\/strong><\/p>\n<p>[\/et_pb_text][et_pb_button button_text=&#8221;Baixe agora&#8221; _builder_version=&#8221;4.20.2&#8243; _module_preset=&#8221;default&#8221; button_alignment=&#8221;center&#8221; custom_button=&#8221;on&#8221; button_text_color=&#8221;#FFFFFF&#8221; button_bg_color=&#8221;#c1d04e&#8221; button_bg_enable_color=&#8221;on&#8221; button_border_radius=&#8221;30px&#8221; button_font=&#8221;Montserrat|600|||||||&#8221; button_icon=&#8221;&#x35;||divi||400&#8243; hover_enabled=&#8221;0&#8243; sticky_enabled=&#8221;0&#8243; button_url=&#8221;http:\/\/onelink.to\/8q6u5v&#8221; url_new_window=&#8221;on&#8221;][\/et_pb_button][et_pb_image src=&#8221;https:\/\/triciclo.eco.br\/wp-content\/uploads\/2024\/07\/App-Triciclo-1.png&#8221; align=&#8221;center&#8221; _builder_version=&#8221;4.20.2&#8243; hover_enabled=&#8221;0&#8243; global_colors_info=&#8221;{}&#8221; alt=&#8221;App Triciclo&#8221; title_text=&#8221;App Triciclo&#8221; max_width=&#8221;59%&#8221; sticky_enabled=&#8221;0&#8243; max_width_last_edited=&#8221;on|phone&#8221; max_width_phone=&#8221;90%&#8221; max_width_tablet=&#8221;59%&#8221;][\/et_pb_image][difl_dual_button _builder_version=&#8221;4.20.2&#8243; _module_preset=&#8221;default&#8221;][\/difl_dual_button][\/et_pb_column][\/et_pb_row][\/et_pb_section]<\/p>\n","protected":false},"excerpt":{"rendered":"<p>MODERNO E INTUITIVOConhe\u00e7a o App TricicloAgora integrado \u00e0s novas plataformas digitais do Programa Triciclo de FidelidadeConhe\u00e7a o novo app Triciclo, reformulado para atender aos novos servi\u00e7os dispon\u00edveis. S\u00e3o mais formas de contribuir com o meio ambiente e ganhar benef\u00edcios! Agora ficou muito f\u00e1cil acessar informa\u00e7\u00f5es, consultar seu extrato e realizar troca de pontos! Baixe agora [&hellip;]<\/p>\n","protected":false},"author":2,"featured_media":0,"parent":0,"menu_order":0,"comment_status":"closed","ping_status":"closed","template":"","meta":{"_et_pb_use_builder":"on","_et_pb_old_content":"","_et_gb_content_width":"","footnotes":""},"class_list":["post-227156","page","type-page","status-publish","hentry"],"aioseo_notices":[],"jetpack_sharing_enabled":true,"_links":{"self":[{"href":"https:\/\/triciclo.eco.br\/es\/wp-json\/wp\/v2\/pages\/227156","targetHints":{"allow":["GET"]}}],"collection":[{"href":"https:\/\/triciclo.eco.br\/es\/wp-json\/wp\/v2\/pages"}],"about":[{"href":"https:\/\/triciclo.eco.br\/es\/wp-json\/wp\/v2\/types\/page"}],"author":[{"embeddable":true,"href":"https:\/\/triciclo.eco.br\/es\/wp-json\/wp\/v2\/users\/2"}],"replies":[{"embeddable":true,"href":"https:\/\/triciclo.eco.br\/es\/wp-json\/wp\/v2\/comments?post=227156"}],"version-history":[{"count":8,"href":"https:\/\/triciclo.eco.br\/es\/wp-json\/wp\/v2\/pages\/227156\/revisions"}],"predecessor-version":[{"id":231891,"href":"https:\/\/triciclo.eco.br\/es\/wp-json\/wp\/v2\/pages\/227156\/revisions\/231891"}],"wp:attachment":[{"href":"https:\/\/triciclo.eco.br\/es\/wp-json\/wp\/v2\/media?parent=227156"}],"curies":[{"name":"wp","href":"https:\/\/api.w.org\/{rel}","templated":true}]}}