{"id":230041,"date":"2022-12-11T02:48:58","date_gmt":"2022-12-11T05:48:58","guid":{"rendered":"https:\/\/triciclo.eco.br\/?page_id=230041"},"modified":"2023-03-15T14:46:07","modified_gmt":"2023-03-15T17:46:07","slug":"desafio-deixaki-tetrapak","status":"publish","type":"page","link":"https:\/\/triciclo.eco.br\/es\/desafio-deixaki-tetrapak\/","title":{"rendered":"Desafio Deixaki Tetra Pak"},"content":{"rendered":"<p>[et_pb_section fb_built=&#8221;1&#8243; _builder_version=&#8221;4.17.3&#8243; _module_preset=&#8221;default&#8221; background_image=&#8221;https:\/\/triciclo.eco.br\/wp-content\/uploads\/2023\/03\/tetrapak_LP_bg-01.jpg&#8221; width_tablet=&#8221;&#8221; width_phone=&#8221;&#8221; width_last_edited=&#8221;on|phone&#8221; min_height_tablet=&#8221;&#8221; min_height_phone=&#8221;&#8221; min_height_last_edited=&#8221;on|phone&#8221; custom_padding=&#8221;31px||31px|||&#8221; global_colors_info=&#8221;{}&#8221;][et_pb_row _builder_version=&#8221;4.17.3&#8243; _module_preset=&#8221;default&#8221; width=&#8221;100%&#8221; max_width=&#8221;1524px&#8221; module_alignment=&#8221;center&#8221; custom_margin=&#8221;|auto|72px|auto||&#8221; global_colors_info=&#8221;{}&#8221;][et_pb_column type=&#8221;4_4&#8243; _builder_version=&#8221;4.17.3&#8243; _module_preset=&#8221;default&#8221; global_colors_info=&#8221;{}&#8221;][et_pb_text _builder_version=&#8221;4.17.3&#8243; _module_preset=&#8221;default&#8221; text_font=&#8221;Montserrat|900|||||||&#8221; text_text_color=&#8221;#000000&#8243; text_font_size=&#8221;85px&#8221; text_line_height=&#8221;1.1em&#8221; custom_padding=&#8221;||19px|46px||&#8221; text_font_size_tablet=&#8221;85px&#8221; text_font_size_phone=&#8221;37px&#8221; text_font_size_last_edited=&#8221;on|phone&#8221; global_colors_info=&#8221;{}&#8221;]<\/p>\n<p>DESAFIO<br \/>TETRA PAK<\/p>\n<p>[\/et_pb_text][et_pb_text content_tablet=&#8221;<\/p>\n<p>Recicle e<br \/>concorra a uma<br \/>lumin\u00e1ria exclusiva!<\/p>\n<p>&#8221; content_phone=&#8221;<\/p>\n<p>Recicle e<br \/>concorra<br \/>a uma<br \/>lumin\u00e1ria<br \/>exclusiva!<\/p>\n<p>&#8221; content_last_edited=&#8221;on|phone&#8221; _builder_version=&#8221;4.17.3&#8243; _module_preset=&#8221;default&#8221; text_font=&#8221;Montserrat|900|||||||&#8221; text_text_color=&#8221;#000000&#8243; text_font_size=&#8221;60px&#8221; text_line_height=&#8221;1.2em&#8221; min_height=&#8221;345px&#8221; min_height_tablet=&#8221;345px&#8221; min_height_phone=&#8221;345px&#8221; min_height_last_edited=&#8221;on|desktop&#8221; custom_padding=&#8221;|||46px||&#8221; text_text_color_tablet=&#8221;#000000&#8243; text_text_color_phone=&#8221;#000000&#8243; text_text_color_last_edited=&#8221;on|phone&#8221; text_font_size_tablet=&#8221;49px&#8221; text_font_size_phone=&#8221;35px&#8221; text_font_size_last_edited=&#8221;on|desktop&#8221; global_colors_info=&#8221;{}&#8221;]<\/p>\n<p>Recicle e<br \/>concorra a uma<br \/>lumin\u00e1ria exclusiva!<\/p>\n<p>[\/et_pb_text][\/et_pb_column][\/et_pb_row][\/et_pb_section][et_pb_section fb_built=&#8221;1&#8243; _builder_version=&#8221;4.17.3&#8243; _module_preset=&#8221;default&#8221; background_image=&#8221;https:\/\/triciclo.eco.br\/wp-content\/uploads\/2023\/03\/tetrapak_LP_bg02.jpg&#8221; custom_padding=&#8221;||108px|||&#8221; global_colors_info=&#8221;{}&#8221;][et_pb_row _builder_version=&#8221;4.17.3&#8243; _module_preset=&#8221;default&#8221; global_colors_info=&#8221;{}&#8221;][et_pb_column type=&#8221;4_4&#8243; _builder_version=&#8221;4.17.3&#8243; _module_preset=&#8221;default&#8221; global_colors_info=&#8221;{}&#8221;][et_pb_text _builder_version=&#8221;4.17.3&#8243; _module_preset=&#8221;default&#8221; text_font=&#8221;Montserrat|900|||on||||&#8221; text_text_color=&#8221;#000000&#8243; text_font_size=&#8221;76px&#8221; text_line_height=&#8221;1.4em&#8221; text_font_size_tablet=&#8221;76px&#8221; text_font_size_phone=&#8221;41px&#8221; text_font_size_last_edited=&#8221;on|phone&#8221; global_colors_info=&#8221;{}&#8221;]<\/p>\n<p>01\/03 A 01\/05<\/p>\n<p>[\/et_pb_text][et_pb_text _builder_version=&#8221;4.17.3&#8243; _module_preset=&#8221;default&#8221; text_font=&#8221;Montserrat|900|||||||&#8221; text_text_color=&#8221;#000000&#8243; text_font_size=&#8221;48px&#8221; text_line_height=&#8221;1.4em&#8221; text_font_size_tablet=&#8221;48px&#8221; text_font_size_phone=&#8221;31px&#8221; text_font_size_last_edited=&#8221;on|phone&#8221; global_colors_info=&#8221;{}&#8221;]<\/p>\n<p>Os 3 maiores recicladores de materiais em geral do Deixaki Tetra Pak ir\u00e3o ganhar o super pr\u00eamio.<\/p>\n<p>[\/et_pb_text][\/et_pb_column][\/et_pb_row][\/et_pb_section][et_pb_section fb_built=&#8221;1&#8243; _builder_version=&#8221;4.17.3&#8243; _module_preset=&#8221;default&#8221; background_color=&#8221;#b9d300&#8243; global_colors_info=&#8221;{}&#8221;][et_pb_row _builder_version=&#8221;4.17.3&#8243; _module_preset=&#8221;default&#8221; global_colors_info=&#8221;{}&#8221;][et_pb_column type=&#8221;4_4&#8243; _builder_version=&#8221;4.17.3&#8243; _module_preset=&#8221;default&#8221; global_colors_info=&#8221;{}&#8221;][et_pb_text _builder_version=&#8221;4.17.3&#8243; _module_preset=&#8221;default&#8221; text_font=&#8221;Montserrat|900|||||||&#8221; text_text_color=&#8221;#000000&#8243; text_font_size=&#8221;32px&#8221; text_line_height=&#8221;1.4em&#8221; global_colors_info=&#8221;{}&#8221;]<\/p>\n<p>Para saber quais materiais o Deixaki recebe e seus respectivos valores em tricoins, acesse:<\/p>\n<p>[\/et_pb_text][et_pb_button button_url=&#8221;https:\/\/deixaki.eco.br\/#oquedepositar&#8221; url_new_window=&#8221;on&#8221; button_text=&#8221;Materiais aceitos&#8221; _builder_version=&#8221;4.17.3&#8243; _module_preset=&#8221;default&#8221; custom_button=&#8221;on&#8221; button_text_size=&#8221;30px&#8221; button_text_color=&#8221;#000000&#8243; button_bg_color=&#8221;#ffffff&#8221; button_border_color=&#8221;#FFFFFF&#8221; button_border_radius=&#8221;44px&#8221; button_font=&#8221;Montserrat|800|||||||&#8221; button_text_size_tablet=&#8221;30px&#8221; button_text_size_phone=&#8221;24px&#8221; button_text_size_last_edited=&#8221;on|phone&#8221; global_colors_info=&#8221;{}&#8221;][\/et_pb_button][\/et_pb_column][\/et_pb_row][\/et_pb_section][et_pb_section fb_built=&#8221;1&#8243; _builder_version=&#8221;4.17.3&#8243; _module_preset=&#8221;default&#8221; background_color=&#8221;#f6f6f6&#8243; global_colors_info=&#8221;{}&#8221;][et_pb_row _builder_version=&#8221;4.17.3&#8243; _module_preset=&#8221;default&#8221; global_colors_info=&#8221;{}&#8221;][et_pb_column type=&#8221;4_4&#8243; _builder_version=&#8221;4.17.3&#8243; _module_preset=&#8221;default&#8221; global_colors_info=&#8221;{}&#8221;][et_pb_image src=&#8221;https:\/\/triciclo.eco.br\/wp-content\/uploads\/2023\/03\/Deixaki-TetraPak-1.png&#8221; title_text=&#8221;Deixaki TetraPak&#8221; _builder_version=&#8221;4.17.3&#8243; _module_preset=&#8221;default&#8221; global_colors_info=&#8221;{}&#8221;][\/et_pb_image][\/et_pb_column][\/et_pb_row][et_pb_row _builder_version=&#8221;4.17.3&#8243; _module_preset=&#8221;default&#8221; width=&#8221;100%&#8221; global_colors_info=&#8221;{}&#8221;][et_pb_column type=&#8221;4_4&#8243; _builder_version=&#8221;4.17.3&#8243; _module_preset=&#8221;default&#8221; global_colors_info=&#8221;{}&#8221;][et_pb_text _builder_version=&#8221;4.17.3&#8243; _module_preset=&#8221;default&#8221; text_font=&#8221;Montserrat|900|||||||&#8221; text_text_color=&#8221;#000000&#8243; text_font_size=&#8221;51px&#8221; text_line_height=&#8221;1.4em&#8221; text_font_size_tablet=&#8221;51px&#8221; text_font_size_phone=&#8221;28px&#8221; text_font_size_last_edited=&#8221;on|phone&#8221; global_colors_info=&#8221;{}&#8221;]<\/p>\n<p>DEIXAKI TETRA PAK<\/p>\n<p>[\/et_pb_text][et_pb_text _builder_version=&#8221;4.17.3&#8243; _module_preset=&#8221;default&#8221; text_font=&#8221;Montserrat|800|||||||&#8221; text_text_color=&#8221;#000000&#8243; text_font_size=&#8221;24px&#8221; hover_enabled=&#8221;0&#8243; text_font_size_tablet=&#8221;24px&#8221; text_font_size_phone=&#8221;18px&#8221; text_font_size_last_edited=&#8221;on|phone&#8221; global_colors_info=&#8221;{}&#8221; sticky_enabled=&#8221;0&#8243;]<\/p>\n<p>Avenida Ant\u00f4nio Cardoso, 536 &#8211; Parque Central &#8211; Santo Andr\u00e9, SP<\/p>\n<p>[\/et_pb_text][\/et_pb_column][\/et_pb_row][\/et_pb_section][et_pb_section fb_built=&#8221;1&#8243; _builder_version=&#8221;4.17.3&#8243; _module_preset=&#8221;default&#8221; background_color=&#8221;#f6f6f6&#8243; global_colors_info=&#8221;{}&#8221;][et_pb_row _builder_version=&#8221;4.17.3&#8243; _module_preset=&#8221;default&#8221; global_colors_info=&#8221;{}&#8221;][et_pb_column type=&#8221;4_4&#8243; _builder_version=&#8221;4.17.3&#8243; _module_preset=&#8221;default&#8221; global_colors_info=&#8221;{}&#8221;][et_pb_text _builder_version=&#8221;4.17.3&#8243; _module_preset=&#8221;default&#8221; text_font=&#8221;Poppins|900|||||||&#8221; text_text_color=&#8221;#000000&#8243; text_font_size=&#8221;27px&#8221; global_colors_info=&#8221;{}&#8221;]REGULAMENTO<br \/>\n[\/et_pb_text][et_pb_text _builder_version=&#8221;4.17.3&#8243; _module_preset=&#8221;default&#8221; text_font=&#8221;Poppins|700|||||||&#8221; text_text_color=&#8221;#000000&#8243; global_colors_info=&#8221;{}&#8221;]<\/p>\n<p>&nbsp;<\/p>\n<p>O Concurso Cultural Desafio Tetra Pak, desenvolvido pela Ambipar Triciclo, tem como objetivo incentivar o retorno adequado de embalagens p\u00f3s consumo bem como engajar o consumidor final em atitudes mais sustent\u00e1veis.<\/p>\n<p>O Concurso pretende mobilizar a popula\u00e7\u00e3o em geral, para o descarte adequado das embalagens p\u00f3s consumo, no ponto de coleta volunt\u00e1ria do tipo Deixaki, localizado na Avenida Ant\u00f4nio Cardoso, 536, Parque Central &#8211; Santo Andr\u00e9 &#8211; SP , pelas empresas promotoras do concurso cultural.<\/p>\n<p>&nbsp;<\/p>\n<p><strong>DOS PARTICIPANTES<\/strong><strong>\u00a0<\/strong><\/p>\n<p>Artigo 1\u00ba: Poder\u00e3o participar do concurso usu\u00e1rios inscritos no Sistema Triciclo de Fidelidade e Recompensa (\u201cSistema Triciclo\u201d), com acesso p\u00fablico pelo site eletr\u00f4nico <a href=\"https:\/\/triciclo.eco.br\/regulamento\/\">https:\/\/triciclo.eco.br\/regulamento\/<\/a>, e registrado perante o 22\u00ba Tabeli\u00e3o de Notas da Capital de S\u00e3o Paulo, sob o n\u00famero 3.597.372 (\u201cRegulamento Triciclo\u201d).<\/p>\n<p>Artigo 2\u00ba: Os usu\u00e1rios dever\u00e3o ser residentes e domiciliados no estado de S\u00e3o Paulo.<\/p>\n<p>&nbsp;<\/p>\n<p><strong>DAS INSCRI\u00c7\u00d5ES<\/strong><strong>\u00a0<\/strong><\/p>\n<p>Artigo 3\u00ba: As inscri\u00e7\u00f5es neste Concurso Cultural ser\u00e3o gratuitas e autom\u00e1ticas para os usu\u00e1rios do sistema Triciclo residentes e domiciliados do estado de S\u00e3o Paulo.<\/p>\n<p>Artigo 4\u00ba: Para participa\u00e7\u00e3o do interessado no Sistema Triciclo, necess\u00e1rio que o interessado realize seu cadastro, juntamente com o \u201cde acordo\u201d aos termos do Regulamento Triciclo, atrav\u00e9s (i) do site <a href=\"http:\/\/www.triciclo.eco.br\/\">www.triciclo.eco.br<\/a>, (ii) do aplicativo para smartphone \u201cTriciclo\u201d, (iii) nas Retorna Machine e Recicla Pharma e (iv) em qualquer outro canal dispon\u00edvel, que tenha sido informado pela Triciclo.<\/p>\n<p>&nbsp;<\/p>\n<p><strong>DO CONCURSO<\/strong><strong>\u00a0<\/strong><\/p>\n<p>Artigo 5\u00ba: Cada participante poder\u00e1 participar com n\u00famero ilimitado de embalagens.<\/p>\n<p>Artigo 6\u00ba: O n\u00famero ilimitado de embalagens ser\u00e1 contabilizado de acordo com a capacidade do Deixaki.<\/p>\n<p>Artigo 7\u00ba: Cada tipo de material possui uma equival\u00eancia de pontos distinta em nosso sistema de medida (Tricoins). Pl\u00e1sticos (100 tricoins\/kg), alum\u00ednio (1000 tricoins\/kg), vidros (10 tricoins\/kg), longa vida (25 tricoins\/kg), papel\/papel\u00e3o (25 tricoins\/kg), computadores (150 tricoins\/kg), telefones e tablets (300 tricoins\/kg), eletrodom\u00e9stricos (100 tricoins\/kg), eletr\u00f4nicos de \u00e1udio e v\u00eddeo (50 tricoins\/kg), sucatas met\u00e1licas (100 tricoins\/kg), latas de a\u00e7o, panelas sem cabo e fios (200 tricoins\/kg).<\/p>\n<p>Artigo 8\u00ba: Os equipamentos Deixaki est\u00e3o aptos ao recebimento de equipamentos eletr\u00f4nicos, papel, papel\u00e3o, eletrodom\u00e9sticos, latas de alum\u00ednio, embalagens de vidro, sucatas ferrosas e n\u00e3o ferrosas, lata de a\u00e7o, garrafas PET e longa vida higienizados, de acordo com informa\u00e7\u00f5es de acesso p\u00fablico pelo site eletr\u00f4nico <a href=\"https:\/\/deixaki.eco.br\/\">https:\/\/deixaki.eco.br\/<\/a>.<\/p>\n<p>Artigo 9\u00ba: Para contabiliza\u00e7\u00e3o dos pontos (Tricoins) nos equipamentos Deixaki, o participante deve criar uma conta pelo aplicativo &#8220;Triciclo&#8221; dispon\u00edvel para iOS e Android, ou pelo site em &#8220;Cadastre-se&#8221;. Depois, deve acessar sua conta no site ou app e, no Menu, selecionar a op\u00e7\u00e3o &#8220;Deixaki. Nessa \u00e1rea, o participante deve informar a unidade que deseja se dirigir para a reciclagem e o tipo de material para descarte, finalizando no bot\u00e3o &#8220;Gerar Token&#8221;. O n\u00famero de 9 d\u00edgitos gerado deve ser utilizado para identificar, de maneira leg\u00edvel, a ecobag ou sacola comum utilizada para separar os materiais a serem reciclados no Deixaki. Ap\u00f3s o processo, a Triciclo tem 7 dias \u00fateis para a outorga de tricoins \u00e0 conta do participante.<\/p>\n<p>Artigo 10\u00ba: N\u00e3o ser\u00e3o aceitos outros materiais n\u00e3o relacionados ao artigo 8\u00ba.<\/p>\n<p>&nbsp;<\/p>\n<p><strong>DA PREMIA\u00c7\u00c3O<\/strong><strong>\u00a0<\/strong><\/p>\n<p>Artigo 11\u00ba: O pr\u00eamio \u00e9 pessoal e intrasfer\u00edvel. O mesmo n\u00e3o poder\u00e1 ser convertido em dinheiro.<\/p>\n<p>Artigo 12\u00ba: O pr\u00eamio ter\u00e1 validade de at\u00e9 3 (dias) dias ap\u00f3s a divulga\u00e7\u00e3o do vencedor.<\/p>\n<p>Artigo 13\u00ba: O pr\u00eamio ser\u00e1 destinado (i) aos 3 usu\u00e1rios que mais reciclarem embalagens no geral no per\u00edodo de 01\/03\/2023 a 01\/05\/2023 \u00a0no Deixaki.<\/p>\n<p>Artigo 14\u00ba: Os 3 usu\u00e1rios vencedores receber\u00e3o como premia\u00e7\u00e3o uma lumin\u00e1ria de material recicl\u00e1vel Tetra Pak.<\/p>\n<p>&nbsp;<\/p>\n<p><strong>DO RESULTADO, DA PREMIA\u00c7\u00c3O<\/strong><strong>\u00a0E RETIRADA<\/strong><\/p>\n<p>Artigo 17\u00ba: O resultado ser\u00e1 divulgado no dia 02\/05\/2023, em uma intera\u00e7\u00e3o por telefone ou e-mail Triciclo diretamente com os 3 ganhadores. Os pr\u00eamios ser\u00e3o disponibilizados para retirada pela Triciclo do dia 02\/05\/2023 a 16\/05\/2023. A retirada poder\u00e1 ser feita em nosso escrit\u00f3rio central na Avenida Angelica, n\u00ba 2230 das 9 \u00e0s 18hs.<\/p>\n<p>Artigo 18\u00ba: Ser\u00e3o v\u00e1lidas e contabilizadas as embalagens depositadas nos equipamentos at\u00e9 <u>01\/05\/2023<\/u><\/p>\n<p>&nbsp;<\/p>\n<p><strong>DISPOSI\u00c7\u00d5ES FINAIS<\/strong><strong>\u00a0<\/strong><\/p>\n<p>Artigo 18\u00ba: N\u00e3o poder\u00e3o concorrer ao pr\u00eamio funcion\u00e1rios Triciclo e Tetra Pak.<\/p>\n<p>Artigo 19\u00ba: A premia\u00e7\u00e3o atribu\u00edda n\u00e3o ser\u00e1 suscet\u00edvel a recursos ou impugna\u00e7\u00f5es.<\/p>\n<p>Artigo 20\u00ba: A participa\u00e7\u00e3o no concurso implica no conhecimento e na aceita\u00e7\u00e3o, pelo candidato, de todas as disposi\u00e7\u00f5es deste regulamento.<\/p>\n<p>Artigo 21\u00ba: Ser\u00e3o desclassificados os usu\u00e1rios que n\u00e3o atendem as regras deste Regulamento.<\/p>\n<p>Artigo 22\u00ba: Os casos omissos ser\u00e3o resolvidos pela Comiss\u00e3o Triciclo Solu\u00e7\u00f5es Sustent\u00e1veis.<\/p>\n<p>&nbsp;<\/p>\n<p>&nbsp;<\/p>\n<p>[\/et_pb_text][\/et_pb_column][\/et_pb_row][\/et_pb_section]<\/p>\n","protected":false},"excerpt":{"rendered":"<p>DESAFIOTETRA PAKRecicle econcorra a umalumin\u00e1ria exclusiva!01\/03 A 01\/05Os 3 maiores recicladores de materiais em geral do Deixaki Tetra Pak ir\u00e3o ganhar o super pr\u00eamio.Para saber quais materiais o Deixaki recebe e seus respectivos valores em tricoins, acesse:DEIXAKI TETRA PAKAvenida Ant\u00f4nio Cardoso, 536 &#8211; Parque Central &#8211; Santo Andr\u00e9, SPREGULAMENTO &nbsp; O Concurso Cultural Desafio Tetra [&hellip;]<\/p>\n","protected":false},"author":2,"featured_media":0,"parent":0,"menu_order":0,"comment_status":"closed","ping_status":"closed","template":"","meta":{"_et_pb_use_builder":"on","_et_pb_old_content":"","_et_gb_content_width":"","footnotes":""},"class_list":["post-230041","page","type-page","status-publish","hentry"],"aioseo_notices":[],"jetpack_sharing_enabled":true,"_links":{"self":[{"href":"https:\/\/triciclo.eco.br\/es\/wp-json\/wp\/v2\/pages\/230041","targetHints":{"allow":["GET"]}}],"collection":[{"href":"https:\/\/triciclo.eco.br\/es\/wp-json\/wp\/v2\/pages"}],"about":[{"href":"https:\/\/triciclo.eco.br\/es\/wp-json\/wp\/v2\/types\/page"}],"author":[{"embeddable":true,"href":"https:\/\/triciclo.eco.br\/es\/wp-json\/wp\/v2\/users\/2"}],"replies":[{"embeddable":true,"href":"https:\/\/triciclo.eco.br\/es\/wp-json\/wp\/v2\/comments?post=230041"}],"version-history":[{"count":53,"href":"https:\/\/triciclo.eco.br\/es\/wp-json\/wp\/v2\/pages\/230041\/revisions"}],"predecessor-version":[{"id":230439,"href":"https:\/\/triciclo.eco.br\/es\/wp-json\/wp\/v2\/pages\/230041\/revisions\/230439"}],"wp:attachment":[{"href":"https:\/\/triciclo.eco.br\/es\/wp-json\/wp\/v2\/media?parent=230041"}],"curies":[{"name":"wp","href":"https:\/\/api.w.org\/{rel}","templated":true}]}}